{"id":122,"date":"2017-12-02T20:18:31","date_gmt":"2017-12-02T20:18:31","guid":{"rendered":"http:\/\/baltes-bochnia.de\/?page_id=122"},"modified":"2018-05-09T22:31:01","modified_gmt":"2018-05-09T22:31:01","slug":"datenschutzerklaerung","status":"publish","type":"page","link":"https:\/\/baltes-bochnia.de\/?page_id=122","title":{"rendered":"Datenschutzerkl\u00e4rung"},"content":{"rendered":"<p>&nbsp;<\/p>\n<p><b>1. Welche personenbezogenen Daten werden erhoben?<\/b><\/p>\n<p>Es werden personenbezogene Daten nur dann erhoben und genutzt, wenn ein gesetzlicher Grund f\u00fcr die Erhebung und Nutzung vorliegt. Wir erheben und verwenden personenbezogene Daten nur, soweit dies zur Bereitstellung einer funktionsf\u00e4higen Webseite sowie unserer Inhalte und Leistungen erforderlich ist.<\/p>\n<p>Als personenbezogene Daten gelten s\u00e4mtliche Informationen, die dazu dienen, einen R\u00fcckschluss auf Ihre Person zuzulassen (z.B. Vor- und Nachname, E-Mail-Adresse, Telefonnummer,\u00a0Anschrift, Geburtsdatum).<\/p>\n<p>Aufgrund Ihrer freiwilligen Eingaben auf der Webseite erheben wir Daten durch unser Kontaktformular (Vor- und Nachname und Ihre E-Mail-Adresse). Die von Ihnen eingegebenen Daten dienen alleine der Kontaktaufnahme und werden gel\u00f6scht, sobald sie f\u00fcr die Erreichung des Zweckes ihrer Erhebung nicht mehr erforderlich sind. Im Online-Formular weisen wir Sie nochmals auf den Zweck der Datenerhebung und auf diese Datenschutzerkl\u00e4rung hin.<\/p>\n<p>Weitere Daten erheben wir nicht.<\/p>\n<p>&nbsp;<\/p>\n<p><b>2.\u00a0Welche Informationen werden noch erfasst?\u00a0<\/b><\/p>\n<p>Beim Aufruf der Webseite wird Ihre IP-Adresse mit dem Zeitpunkt und Inhalt Ihres Abrufs einschlie\u00dflich der \u00fcbertragenen Datenmenge und der Meldung, ob der Abruf erfolgreich war, erfasst. Die vor\u00fcbergehende Speicherung der IP-Adresse erfolgt, um die Funktionsf\u00e4higkeit der Webseite sicherzustellen. Diese Daten werden nach Ende des Zugriffs auf die Webseite gel\u00f6scht, weil mit der Erreichung des Zweckes die Erhebung nicht mehr erforderlich ist.<\/p>\n<p>&nbsp;<\/p>\n<p><b>3. Auf welche Weise werden Daten erfasst?\u00a0<\/b><\/p>\n<p>Die Daten, die bei jedem Zugriff der Seite erhoben werden, werden automatisch protokolliert; ansonsten nur aufgrund Ihrer Eingabe und beim Bestellservice durch\u00a0einen tempor\u00e4ren Cookie.<\/p>\n<p>&nbsp;<\/p>\n<p><b>4. Wof\u00fcr werden die Daten genutzt?\u00a0<\/b><\/p>\n<p>Die Daten werden ausschlie\u00dflich zur Bereitstellung, Optimierung und Sicherheit des Internetangebots genutzt. Mit Ihrer Einwilligung werden Ihre Daten nur zur Entgegennahme Ihrer Mitteilung (z.B. durch das Kontaktformular) und f\u00fcr eine gew\u00fcnschte Korrespondenz genutzt.<\/p>\n<p>&nbsp;<\/p>\n<p><b>5. Die Daten werden nicht genutzt\u2026\u00a0<\/b><\/p>\n<p>Zur Profilbildung, zu Werbezwecken und werden nicht an Dritte weitergegeben.<\/p>\n<p>&nbsp;<\/p>\n<p><b>6. Welche Rechte hat der Besucher der Webseite?\u00a0<\/b><\/p>\n<p>Auskunft, L\u00f6schung, Berichtigung, Widerspruch. Ihre Rechte k\u00f6nnen Sie schriftlich oder per E-Mail gegen\u00fcber der im Impressum genannten Stelle geltend machen.<\/p>\n<p>Ungeachtet dessen haben Sie das Recht auf Beschwerde bei einer Aufsichtsbeh\u00f6rde Ihres Aufenthaltsorts, Ihres Arbeitsplatzes oder des Orts der mutma\u00dflichen Datenschutzverletzung, wenn Sie der Ansicht sind, dass die Verarbeitung der Sie betreffenden personenbezogenen Daten gegen die Datenschutzgrundverordnung verst\u00f6\u00dft.<\/p>\n<p>&nbsp;<\/p>\n<p><b>7. Verwendung von Cookies\u00a0<\/b><\/p>\n<p>In bestimmten F\u00e4llen werden Cookies verwendet. Ruft ein Nutzer eine Webseite auf, kann ein Cookie auf dem Betriebssystem des Nutzers gespeichert werden, die beim erneuten Aufruf der Webseite eine eindeutige Identifizierung erm\u00f6glicht. Cookies enthalten allerdings keine personenbezogenen Daten und werden nach Ablauf der Sitzung automatisch gel\u00f6scht. Im Fall einer Verlinkung k\u00f6nnen Cookies von Drittanbietern zum Einsatz kommen, ohne dass wir Sie darauf ausdr\u00fccklich hinweisen k\u00f6nnen.<\/p>\n<p>Die g\u00e4ngigen Browser erlauben es, die Verarbeitung solcher Cookies festzulegen, so dass Sie das Speichern dieser Cookies in Ihrem Internetbrowser deaktivieren bzw. die Art der Verarbeitung durch Ihren Browser einstellen k\u00f6nnen. Bei der Deaktivierung ist nicht gew\u00e4hrleistet, dass Sie auf alle Funktionen dieser Webseite ohne Einschr\u00e4nkungen zugreifen k\u00f6nnen.<\/p>\n<p>&nbsp;<\/p>\n<p><b>8. Hinweis auf Verschl\u00fcsselung\u00a0<\/b><\/p>\n<p>Dieses Angebot unterst\u00fctzt gegenw\u00e4rtig keine Datenverschl\u00fcsselung. Bei der \u00dcbertragung Ihrer Daten im Internet besteht daher die M\u00f6glichkeit, dass diese durch Unbefugte zur Kenntnis genommen oder ver\u00e4ndert werden k\u00f6nnen.<\/p>\n<p>&nbsp;<\/p>\n<p><b>9. Hinweis f\u00fcr Dritte<\/b><\/p>\n<p>Der Nutzung von im Rahmen der Impressumspflicht ver\u00f6ffentlichten Kontaktdaten durch Dritte zur \u00dcbersendung von nicht ausdr\u00fccklich angeforderter Werbung und Informationsmaterialien wird hiermit ausdr\u00fccklich widersprochen. Die Betreiber der Seiten behalten sich ausdr\u00fccklich rechtliche Schritte im Falle der unverlangten Zusendung von Werbeinformationen, etwa durch Spam-Mails, vor.<br \/>\n&nbsp;<\/p>\n","protected":false},"excerpt":{"rendered":"<p>&nbsp; 1. Welche personenbezogenen Daten werden erhoben? Es werden personenbezogene Daten nur dann erhoben und genutzt, wenn ein gesetzlicher Grund f\u00fcr die Erhebung und Nutzung vorliegt. Wir erheben und verwenden personenbezogene Daten nur, soweit dies zur Bereitstellung einer funktionsf\u00e4higen Webseite sowie unserer Inhalte und Leistungen erforderlich ist. Als personenbezogene Daten gelten s\u00e4mtliche Informationen, die dazu &hellip; <\/p>\n<p class=\"link-more\"><a href=\"https:\/\/baltes-bochnia.de\/?page_id=122\" class=\"more-link\"><span class=\"screen-reader-text\">\u201eDatenschutzerkl\u00e4rung\u201c<\/span> weiterlesen<\/a><\/p>\n","protected":false},"author":1,"featured_media":0,"parent":58,"menu_order":1,"comment_status":"closed","ping_status":"closed","template":"","meta":[],"yoast_head":"<!-- This site is optimized with the Yoast SEO plugin v19.11 - https:\/\/yoast.com\/wordpress\/plugins\/seo\/ -->\n<title>Datenschutzerkl\u00e4rung - Praxis f\u00fcr Psychotherapie<\/title>\n<meta name=\"robots\" content=\"index, follow, max-snippet:-1, max-image-preview:large, max-video-preview:-1\" \/>\n<link rel=\"canonical\" href=\"http:\/\/baltes-bochnia.de\/?page_id=122\" \/>\n<meta property=\"og:locale\" content=\"de_DE\" \/>\n<meta property=\"og:type\" content=\"article\" \/>\n<meta property=\"og:title\" content=\"Datenschutzerkl\u00e4rung - Praxis f\u00fcr Psychotherapie\" \/>\n<meta property=\"og:description\" content=\"&nbsp; 1. Welche personenbezogenen Daten werden erhoben? Es werden personenbezogene Daten nur dann erhoben und genutzt, wenn ein gesetzlicher Grund f\u00fcr die Erhebung und Nutzung vorliegt. Wir erheben und verwenden personenbezogene Daten nur, soweit dies zur Bereitstellung einer funktionsf\u00e4higen Webseite sowie unserer Inhalte und Leistungen erforderlich ist. Als personenbezogene Daten gelten s\u00e4mtliche Informationen, die dazu &hellip; \u201eDatenschutzerkl\u00e4rung\u201c weiterlesen\" \/>\n<meta property=\"og:url\" content=\"http:\/\/baltes-bochnia.de\/?page_id=122\" \/>\n<meta property=\"og:site_name\" content=\"Praxis f\u00fcr Psychotherapie\" \/>\n<meta property=\"article:modified_time\" content=\"2018-05-09T22:31:01+00:00\" \/>\n<meta name=\"twitter:card\" content=\"summary_large_image\" \/>\n<meta name=\"twitter:label1\" content=\"Gesch\u00e4tzte Lesezeit\" \/>\n\t<meta name=\"twitter:data1\" content=\"3 Minuten\" \/>\n<script type=\"application\/ld+json\" class=\"yoast-schema-graph\">{\"@context\":\"https:\/\/schema.org\",\"@graph\":[{\"@type\":\"WebPage\",\"@id\":\"http:\/\/baltes-bochnia.de\/?page_id=122\",\"url\":\"http:\/\/baltes-bochnia.de\/?page_id=122\",\"name\":\"Datenschutzerkl\u00e4rung - Praxis f\u00fcr Psychotherapie\",\"isPartOf\":{\"@id\":\"http:\/\/baltes-bochnia.de\/#website\"},\"datePublished\":\"2017-12-02T20:18:31+00:00\",\"dateModified\":\"2018-05-09T22:31:01+00:00\",\"breadcrumb\":{\"@id\":\"http:\/\/baltes-bochnia.de\/?page_id=122#breadcrumb\"},\"inLanguage\":\"de-DE\",\"potentialAction\":[{\"@type\":\"ReadAction\",\"target\":[\"http:\/\/baltes-bochnia.de\/?page_id=122\"]}]},{\"@type\":\"BreadcrumbList\",\"@id\":\"http:\/\/baltes-bochnia.de\/?page_id=122#breadcrumb\",\"itemListElement\":[{\"@type\":\"ListItem\",\"position\":1,\"name\":\"Startseite\",\"item\":\"http:\/\/baltes-bochnia.de\/\"},{\"@type\":\"ListItem\",\"position\":2,\"name\":\"Impressum\",\"item\":\"http:\/\/baltes-bochnia.de\/?page_id=58\"},{\"@type\":\"ListItem\",\"position\":3,\"name\":\"Datenschutzerkl\u00e4rung\"}]},{\"@type\":\"WebSite\",\"@id\":\"http:\/\/baltes-bochnia.de\/#website\",\"url\":\"http:\/\/baltes-bochnia.de\/\",\"name\":\"Praxis f\u00fcr Psychotherapie\",\"description\":\"Dipl.-Psych. Genia Baltes &amp; Dipl.-Soz.p\u00e4d. Cindy-Chris Bochnia\",\"potentialAction\":[{\"@type\":\"SearchAction\",\"target\":{\"@type\":\"EntryPoint\",\"urlTemplate\":\"http:\/\/baltes-bochnia.de\/?s={search_term_string}\"},\"query-input\":\"required name=search_term_string\"}],\"inLanguage\":\"de-DE\"}]}<\/script>\n<!-- \/ Yoast SEO plugin. -->","yoast_head_json":{"title":"Datenschutzerkl\u00e4rung - Praxis f\u00fcr Psychotherapie","robots":{"index":"index","follow":"follow","max-snippet":"max-snippet:-1","max-image-preview":"max-image-preview:large","max-video-preview":"max-video-preview:-1"},"canonical":"http:\/\/baltes-bochnia.de\/?page_id=122","og_locale":"de_DE","og_type":"article","og_title":"Datenschutzerkl\u00e4rung - Praxis f\u00fcr Psychotherapie","og_description":"&nbsp; 1. Welche personenbezogenen Daten werden erhoben? Es werden personenbezogene Daten nur dann erhoben und genutzt, wenn ein gesetzlicher Grund f\u00fcr die Erhebung und Nutzung vorliegt. Wir erheben und verwenden personenbezogene Daten nur, soweit dies zur Bereitstellung einer funktionsf\u00e4higen Webseite sowie unserer Inhalte und Leistungen erforderlich ist. Als personenbezogene Daten gelten s\u00e4mtliche Informationen, die dazu &hellip; \u201eDatenschutzerkl\u00e4rung\u201c weiterlesen","og_url":"http:\/\/baltes-bochnia.de\/?page_id=122","og_site_name":"Praxis f\u00fcr Psychotherapie","article_modified_time":"2018-05-09T22:31:01+00:00","twitter_card":"summary_large_image","twitter_misc":{"Gesch\u00e4tzte Lesezeit":"3 Minuten"},"schema":{"@context":"https:\/\/schema.org","@graph":[{"@type":"WebPage","@id":"http:\/\/baltes-bochnia.de\/?page_id=122","url":"http:\/\/baltes-bochnia.de\/?page_id=122","name":"Datenschutzerkl\u00e4rung - Praxis f\u00fcr Psychotherapie","isPartOf":{"@id":"http:\/\/baltes-bochnia.de\/#website"},"datePublished":"2017-12-02T20:18:31+00:00","dateModified":"2018-05-09T22:31:01+00:00","breadcrumb":{"@id":"http:\/\/baltes-bochnia.de\/?page_id=122#breadcrumb"},"inLanguage":"de-DE","potentialAction":[{"@type":"ReadAction","target":["http:\/\/baltes-bochnia.de\/?page_id=122"]}]},{"@type":"BreadcrumbList","@id":"http:\/\/baltes-bochnia.de\/?page_id=122#breadcrumb","itemListElement":[{"@type":"ListItem","position":1,"name":"Startseite","item":"http:\/\/baltes-bochnia.de\/"},{"@type":"ListItem","position":2,"name":"Impressum","item":"http:\/\/baltes-bochnia.de\/?page_id=58"},{"@type":"ListItem","position":3,"name":"Datenschutzerkl\u00e4rung"}]},{"@type":"WebSite","@id":"http:\/\/baltes-bochnia.de\/#website","url":"http:\/\/baltes-bochnia.de\/","name":"Praxis f\u00fcr Psychotherapie","description":"Dipl.-Psych. Genia Baltes &amp; Dipl.-Soz.p\u00e4d. Cindy-Chris Bochnia","potentialAction":[{"@type":"SearchAction","target":{"@type":"EntryPoint","urlTemplate":"http:\/\/baltes-bochnia.de\/?s={search_term_string}"},"query-input":"required name=search_term_string"}],"inLanguage":"de-DE"}]}},"_links":{"self":[{"href":"https:\/\/baltes-bochnia.de\/index.php?rest_route=\/wp\/v2\/pages\/122"}],"collection":[{"href":"https:\/\/baltes-bochnia.de\/index.php?rest_route=\/wp\/v2\/pages"}],"about":[{"href":"https:\/\/baltes-bochnia.de\/index.php?rest_route=\/wp\/v2\/types\/page"}],"author":[{"embeddable":true,"href":"https:\/\/baltes-bochnia.de\/index.php?rest_route=\/wp\/v2\/users\/1"}],"replies":[{"embeddable":true,"href":"https:\/\/baltes-bochnia.de\/index.php?rest_route=%2Fwp%2Fv2%2Fcomments&post=122"}],"version-history":[{"count":7,"href":"https:\/\/baltes-bochnia.de\/index.php?rest_route=\/wp\/v2\/pages\/122\/revisions"}],"predecessor-version":[{"id":550,"href":"https:\/\/baltes-bochnia.de\/index.php?rest_route=\/wp\/v2\/pages\/122\/revisions\/550"}],"up":[{"embeddable":true,"href":"https:\/\/baltes-bochnia.de\/index.php?rest_route=\/wp\/v2\/pages\/58"}],"wp:attachment":[{"href":"https:\/\/baltes-bochnia.de\/index.php?rest_route=%2Fwp%2Fv2%2Fmedia&parent=122"}],"curies":[{"name":"wp","href":"https:\/\/api.w.org\/{rel}","templated":true}]}}