{"id":198,"date":"2017-12-02T22:33:23","date_gmt":"2017-12-02T22:33:23","guid":{"rendered":"http:\/\/baltes-bochnia.de\/?page_id=198"},"modified":"2024-09-11T10:53:32","modified_gmt":"2024-09-11T10:53:32","slug":"frau-baltes-erwachsene","status":"publish","type":"page","link":"https:\/\/baltes-bochnia.de\/?page_id=198","title":{"rendered":"Frau Baltes"},"content":{"rendered":"<h3>Sprechstunde nur mit Terminvereinbarung:<\/h3>\n<p>Mo: 11.00 &#8211; 13.00 Uhr \u00a0und \u00a015.00 &#8211; 17.00 Uhr<\/p>\n<p>Di: 11.00 &#8211; 13.00 Uhr \u00a0und \u00a015.00 &#8211; 16.00 Uhr<\/p>\n<p>Mi: 11.00 &#8211; 13.00 Uhr \u00a0und \u00a015.00 &#8211; 16.00 Uhr<\/p>\n<p><strong>Um einen angemessenen Rahmen zu gew\u00e4hrleisten, ist eine\u00a0Terminvereinbarung auch zur <u>offenen psychotherapeutischen Sprechstunde (dienstags 15 Uhr) <\/u>erforderlich!<\/strong><\/p>\n<h3>Kontakt \u00fcber Telefon:<\/h3>\n<p>Pers\u00f6nlich erreichen Sie mich in meiner telefonischen Sprechstunde unter + 49 30\/ 818 20 303:<\/p>\n<p>Mo:\u00a014.00 &#8211; 14.30Uhr<\/p>\n<p>Di: \u00a014.00 &#8211; 14.30 Uhr<\/p>\n<h3>Kontakt \u00fcber E-Mail:<\/h3>\n<p>Gerne k\u00f6nnen Sie mich bei Fragen oder f\u00fcr Terminabsprachen auch \u00fcber E-Mail <a href=\"mailto:ge-baltes@t-online.de\">ge-baltes(at)t-online.de <\/a>anschreiben. Ich antworte Ihnen schnellstm\u00f6glich. Bitte beachten Sie die <a href=\"http:\/\/baltes-bochnia.de\/?page_id=122\">Datenschutzerkl\u00e4rung.<\/a><\/p>\n","protected":false},"excerpt":{"rendered":"<p>Sprechstunde nur mit Terminvereinbarung: Mo: 11.00 &#8211; 13.00 Uhr \u00a0und \u00a015.00 &#8211; 17.00 Uhr Di: 11.00 &#8211; 13.00 Uhr \u00a0und \u00a015.00 &#8211; 16.00 Uhr Mi: 11.00 &#8211; 13.00 Uhr \u00a0und \u00a015.00 &#8211; 16.00 Uhr Um einen angemessenen Rahmen zu gew\u00e4hrleisten, ist eine\u00a0Terminvereinbarung auch zur offenen psychotherapeutischen Sprechstunde (dienstags 15 Uhr) erforderlich! Kontakt \u00fcber Telefon: Pers\u00f6nlich &hellip; <\/p>\n<p class=\"link-more\"><a href=\"https:\/\/baltes-bochnia.de\/?page_id=198\" class=\"more-link\"><span class=\"screen-reader-text\">\u201eFrau Baltes\u201c<\/span> weiterlesen<\/a><\/p>\n","protected":false},"author":1,"featured_media":0,"parent":57,"menu_order":1,"comment_status":"closed","ping_status":"closed","template":"","meta":[],"yoast_head":"<!-- This site is optimized with the Yoast SEO plugin v19.11 - https:\/\/yoast.com\/wordpress\/plugins\/seo\/ -->\n<title>Frau Baltes - Praxis f\u00fcr Psychotherapie<\/title>\n<meta name=\"robots\" content=\"index, follow, max-snippet:-1, max-image-preview:large, max-video-preview:-1\" \/>\n<link rel=\"canonical\" href=\"http:\/\/baltes-bochnia.de\/?page_id=198\" \/>\n<meta property=\"og:locale\" content=\"de_DE\" \/>\n<meta property=\"og:type\" content=\"article\" \/>\n<meta property=\"og:title\" content=\"Frau Baltes - Praxis f\u00fcr Psychotherapie\" \/>\n<meta property=\"og:description\" content=\"Sprechstunde nur mit Terminvereinbarung: Mo: 11.00 &#8211; 13.00 Uhr \u00a0und \u00a015.00 &#8211; 17.00 Uhr Di: 11.00 &#8211; 13.00 Uhr \u00a0und \u00a015.00 &#8211; 16.00 Uhr Mi: 11.00 &#8211; 13.00 Uhr \u00a0und \u00a015.00 &#8211; 16.00 Uhr Um einen angemessenen Rahmen zu gew\u00e4hrleisten, ist eine\u00a0Terminvereinbarung auch zur offenen psychotherapeutischen Sprechstunde (dienstags 15 Uhr) erforderlich! Kontakt \u00fcber Telefon: Pers\u00f6nlich &hellip; \u201eFrau Baltes\u201c weiterlesen\" \/>\n<meta property=\"og:url\" content=\"http:\/\/baltes-bochnia.de\/?page_id=198\" \/>\n<meta property=\"og:site_name\" content=\"Praxis f\u00fcr Psychotherapie\" \/>\n<meta property=\"article:modified_time\" content=\"2024-09-11T10:53:32+00:00\" \/>\n<meta name=\"twitter:card\" content=\"summary_large_image\" \/>\n<meta name=\"twitter:label1\" content=\"Gesch\u00e4tzte Lesezeit\" \/>\n\t<meta name=\"twitter:data1\" content=\"1 Minute\" \/>\n<script type=\"application\/ld+json\" class=\"yoast-schema-graph\">{\"@context\":\"https:\/\/schema.org\",\"@graph\":[{\"@type\":\"WebPage\",\"@id\":\"http:\/\/baltes-bochnia.de\/?page_id=198\",\"url\":\"http:\/\/baltes-bochnia.de\/?page_id=198\",\"name\":\"Frau Baltes - Praxis f\u00fcr Psychotherapie\",\"isPartOf\":{\"@id\":\"http:\/\/baltes-bochnia.de\/#website\"},\"datePublished\":\"2017-12-02T22:33:23+00:00\",\"dateModified\":\"2024-09-11T10:53:32+00:00\",\"breadcrumb\":{\"@id\":\"http:\/\/baltes-bochnia.de\/?page_id=198#breadcrumb\"},\"inLanguage\":\"de-DE\",\"potentialAction\":[{\"@type\":\"ReadAction\",\"target\":[\"http:\/\/baltes-bochnia.de\/?page_id=198\"]}]},{\"@type\":\"BreadcrumbList\",\"@id\":\"http:\/\/baltes-bochnia.de\/?page_id=198#breadcrumb\",\"itemListElement\":[{\"@type\":\"ListItem\",\"position\":1,\"name\":\"Startseite\",\"item\":\"http:\/\/baltes-bochnia.de\/\"},{\"@type\":\"ListItem\",\"position\":2,\"name\":\"Kontakt\",\"item\":\"http:\/\/baltes-bochnia.de\/?page_id=57\"},{\"@type\":\"ListItem\",\"position\":3,\"name\":\"Frau Baltes\"}]},{\"@type\":\"WebSite\",\"@id\":\"http:\/\/baltes-bochnia.de\/#website\",\"url\":\"http:\/\/baltes-bochnia.de\/\",\"name\":\"Praxis f\u00fcr Psychotherapie\",\"description\":\"Dipl.-Psych. Genia Baltes &amp; Dipl.-Soz.p\u00e4d. Cindy-Chris Bochnia\",\"potentialAction\":[{\"@type\":\"SearchAction\",\"target\":{\"@type\":\"EntryPoint\",\"urlTemplate\":\"http:\/\/baltes-bochnia.de\/?s={search_term_string}\"},\"query-input\":\"required name=search_term_string\"}],\"inLanguage\":\"de-DE\"}]}<\/script>\n<!-- \/ Yoast SEO plugin. -->","yoast_head_json":{"title":"Frau Baltes - Praxis f\u00fcr Psychotherapie","robots":{"index":"index","follow":"follow","max-snippet":"max-snippet:-1","max-image-preview":"max-image-preview:large","max-video-preview":"max-video-preview:-1"},"canonical":"http:\/\/baltes-bochnia.de\/?page_id=198","og_locale":"de_DE","og_type":"article","og_title":"Frau Baltes - Praxis f\u00fcr Psychotherapie","og_description":"Sprechstunde nur mit Terminvereinbarung: Mo: 11.00 &#8211; 13.00 Uhr \u00a0und \u00a015.00 &#8211; 17.00 Uhr Di: 11.00 &#8211; 13.00 Uhr \u00a0und \u00a015.00 &#8211; 16.00 Uhr Mi: 11.00 &#8211; 13.00 Uhr \u00a0und \u00a015.00 &#8211; 16.00 Uhr Um einen angemessenen Rahmen zu gew\u00e4hrleisten, ist eine\u00a0Terminvereinbarung auch zur offenen psychotherapeutischen Sprechstunde (dienstags 15 Uhr) erforderlich! Kontakt \u00fcber Telefon: Pers\u00f6nlich &hellip; \u201eFrau Baltes\u201c weiterlesen","og_url":"http:\/\/baltes-bochnia.de\/?page_id=198","og_site_name":"Praxis f\u00fcr Psychotherapie","article_modified_time":"2024-09-11T10:53:32+00:00","twitter_card":"summary_large_image","twitter_misc":{"Gesch\u00e4tzte Lesezeit":"1 Minute"},"schema":{"@context":"https:\/\/schema.org","@graph":[{"@type":"WebPage","@id":"http:\/\/baltes-bochnia.de\/?page_id=198","url":"http:\/\/baltes-bochnia.de\/?page_id=198","name":"Frau Baltes - Praxis f\u00fcr Psychotherapie","isPartOf":{"@id":"http:\/\/baltes-bochnia.de\/#website"},"datePublished":"2017-12-02T22:33:23+00:00","dateModified":"2024-09-11T10:53:32+00:00","breadcrumb":{"@id":"http:\/\/baltes-bochnia.de\/?page_id=198#breadcrumb"},"inLanguage":"de-DE","potentialAction":[{"@type":"ReadAction","target":["http:\/\/baltes-bochnia.de\/?page_id=198"]}]},{"@type":"BreadcrumbList","@id":"http:\/\/baltes-bochnia.de\/?page_id=198#breadcrumb","itemListElement":[{"@type":"ListItem","position":1,"name":"Startseite","item":"http:\/\/baltes-bochnia.de\/"},{"@type":"ListItem","position":2,"name":"Kontakt","item":"http:\/\/baltes-bochnia.de\/?page_id=57"},{"@type":"ListItem","position":3,"name":"Frau Baltes"}]},{"@type":"WebSite","@id":"http:\/\/baltes-bochnia.de\/#website","url":"http:\/\/baltes-bochnia.de\/","name":"Praxis f\u00fcr Psychotherapie","description":"Dipl.-Psych. Genia Baltes &amp; Dipl.-Soz.p\u00e4d. Cindy-Chris Bochnia","potentialAction":[{"@type":"SearchAction","target":{"@type":"EntryPoint","urlTemplate":"http:\/\/baltes-bochnia.de\/?s={search_term_string}"},"query-input":"required name=search_term_string"}],"inLanguage":"de-DE"}]}},"_links":{"self":[{"href":"https:\/\/baltes-bochnia.de\/index.php?rest_route=\/wp\/v2\/pages\/198"}],"collection":[{"href":"https:\/\/baltes-bochnia.de\/index.php?rest_route=\/wp\/v2\/pages"}],"about":[{"href":"https:\/\/baltes-bochnia.de\/index.php?rest_route=\/wp\/v2\/types\/page"}],"author":[{"embeddable":true,"href":"https:\/\/baltes-bochnia.de\/index.php?rest_route=\/wp\/v2\/users\/1"}],"replies":[{"embeddable":true,"href":"https:\/\/baltes-bochnia.de\/index.php?rest_route=%2Fwp%2Fv2%2Fcomments&post=198"}],"version-history":[{"count":30,"href":"https:\/\/baltes-bochnia.de\/index.php?rest_route=\/wp\/v2\/pages\/198\/revisions"}],"predecessor-version":[{"id":789,"href":"https:\/\/baltes-bochnia.de\/index.php?rest_route=\/wp\/v2\/pages\/198\/revisions\/789"}],"up":[{"embeddable":true,"href":"https:\/\/baltes-bochnia.de\/index.php?rest_route=\/wp\/v2\/pages\/57"}],"wp:attachment":[{"href":"https:\/\/baltes-bochnia.de\/index.php?rest_route=%2Fwp%2Fv2%2Fmedia&parent=198"}],"curies":[{"name":"wp","href":"https:\/\/api.w.org\/{rel}","templated":true}]}}