{"id":209,"date":"2017-12-02T23:10:25","date_gmt":"2017-12-02T23:10:25","guid":{"rendered":"http:\/\/baltes-bochnia.de\/?page_id=209"},"modified":"2018-01-03T20:17:59","modified_gmt":"2018-01-03T20:17:59","slug":"psychoonkologie","status":"publish","type":"page","link":"https:\/\/baltes-bochnia.de\/?page_id=209","title":{"rendered":"Psychoonkologie"},"content":{"rendered":"<p>Menschen mit einer Krebserkrankung haben h\u00e4ufig nach \u00fcberstandener medizinischer Behandlung das Bed\u00fcrfnis alles was sie erlebt haben, zu sortieren und neu zu ordnen. M\u00f6glicherweise haben sich infolge der Erkrankung auch private und berufliche Ver\u00e4nderungen ergeben, die eine Neuorientierung notwendig machen. \u00c4ngste bez\u00fcglich einer Wiedererkrankung k\u00f6nnen den Alltag erschweren. Oft m\u00f6chten die Patienten auch ihre Familien und Freunde mit Gedanken an das eigene Sterben und den Tod nicht belasten, sodass ein Austausch im therapeutischen Rahmen sehr entlastend sein kann. Es ist jederzeit m\u00f6glich, die jeweiligen Partner oder enge Familienmitglieder in die Behandlung mit einzubeziehen.<\/p>\n","protected":false},"excerpt":{"rendered":"<p>Menschen mit einer Krebserkrankung haben h\u00e4ufig nach \u00fcberstandener medizinischer Behandlung das Bed\u00fcrfnis alles was sie erlebt haben, zu sortieren und neu zu ordnen. M\u00f6glicherweise haben sich infolge der Erkrankung auch private und berufliche Ver\u00e4nderungen ergeben, die eine Neuorientierung notwendig machen. \u00c4ngste bez\u00fcglich einer Wiedererkrankung k\u00f6nnen den Alltag erschweren. Oft m\u00f6chten die Patienten auch ihre Familien &hellip; <\/p>\n<p class=\"link-more\"><a href=\"https:\/\/baltes-bochnia.de\/?page_id=209\" class=\"more-link\"><span class=\"screen-reader-text\">\u201ePsychoonkologie\u201c<\/span> weiterlesen<\/a><\/p>\n","protected":false},"author":1,"featured_media":0,"parent":61,"menu_order":3,"comment_status":"closed","ping_status":"closed","template":"","meta":[],"yoast_head":"<!-- This site is optimized with the Yoast SEO plugin v19.11 - https:\/\/yoast.com\/wordpress\/plugins\/seo\/ -->\n<title>Psychoonkologie - Praxis f\u00fcr Psychotherapie<\/title>\n<meta name=\"robots\" content=\"index, follow, max-snippet:-1, max-image-preview:large, max-video-preview:-1\" \/>\n<link rel=\"canonical\" href=\"http:\/\/baltes-bochnia.de\/?page_id=209\" \/>\n<meta property=\"og:locale\" content=\"de_DE\" \/>\n<meta property=\"og:type\" content=\"article\" \/>\n<meta property=\"og:title\" content=\"Psychoonkologie - Praxis f\u00fcr Psychotherapie\" \/>\n<meta property=\"og:description\" content=\"Menschen mit einer Krebserkrankung haben h\u00e4ufig nach \u00fcberstandener medizinischer Behandlung das Bed\u00fcrfnis alles was sie erlebt haben, zu sortieren und neu zu ordnen. M\u00f6glicherweise haben sich infolge der Erkrankung auch private und berufliche Ver\u00e4nderungen ergeben, die eine Neuorientierung notwendig machen. \u00c4ngste bez\u00fcglich einer Wiedererkrankung k\u00f6nnen den Alltag erschweren. Oft m\u00f6chten die Patienten auch ihre Familien &hellip; \u201ePsychoonkologie\u201c weiterlesen\" \/>\n<meta property=\"og:url\" content=\"http:\/\/baltes-bochnia.de\/?page_id=209\" \/>\n<meta property=\"og:site_name\" content=\"Praxis f\u00fcr Psychotherapie\" \/>\n<meta property=\"article:modified_time\" content=\"2018-01-03T20:17:59+00:00\" \/>\n<meta name=\"twitter:card\" content=\"summary_large_image\" \/>\n<meta name=\"twitter:label1\" content=\"Gesch\u00e4tzte Lesezeit\" \/>\n\t<meta name=\"twitter:data1\" content=\"1 Minute\" \/>\n<script type=\"application\/ld+json\" class=\"yoast-schema-graph\">{\"@context\":\"https:\/\/schema.org\",\"@graph\":[{\"@type\":\"WebPage\",\"@id\":\"http:\/\/baltes-bochnia.de\/?page_id=209\",\"url\":\"http:\/\/baltes-bochnia.de\/?page_id=209\",\"name\":\"Psychoonkologie - Praxis f\u00fcr Psychotherapie\",\"isPartOf\":{\"@id\":\"http:\/\/baltes-bochnia.de\/#website\"},\"datePublished\":\"2017-12-02T23:10:25+00:00\",\"dateModified\":\"2018-01-03T20:17:59+00:00\",\"breadcrumb\":{\"@id\":\"http:\/\/baltes-bochnia.de\/?page_id=209#breadcrumb\"},\"inLanguage\":\"de-DE\",\"potentialAction\":[{\"@type\":\"ReadAction\",\"target\":[\"http:\/\/baltes-bochnia.de\/?page_id=209\"]}]},{\"@type\":\"BreadcrumbList\",\"@id\":\"http:\/\/baltes-bochnia.de\/?page_id=209#breadcrumb\",\"itemListElement\":[{\"@type\":\"ListItem\",\"position\":1,\"name\":\"Startseite\",\"item\":\"http:\/\/baltes-bochnia.de\/\"},{\"@type\":\"ListItem\",\"position\":2,\"name\":\"Erwachsene\",\"item\":\"http:\/\/baltes-bochnia.de\/?page_id=61\"},{\"@type\":\"ListItem\",\"position\":3,\"name\":\"Psychoonkologie\"}]},{\"@type\":\"WebSite\",\"@id\":\"http:\/\/baltes-bochnia.de\/#website\",\"url\":\"http:\/\/baltes-bochnia.de\/\",\"name\":\"Praxis f\u00fcr Psychotherapie\",\"description\":\"Dipl.-Psych. Genia Baltes &amp; Dipl.-Soz.p\u00e4d. Cindy-Chris Bochnia\",\"potentialAction\":[{\"@type\":\"SearchAction\",\"target\":{\"@type\":\"EntryPoint\",\"urlTemplate\":\"http:\/\/baltes-bochnia.de\/?s={search_term_string}\"},\"query-input\":\"required name=search_term_string\"}],\"inLanguage\":\"de-DE\"}]}<\/script>\n<!-- \/ Yoast SEO plugin. -->","yoast_head_json":{"title":"Psychoonkologie - Praxis f\u00fcr Psychotherapie","robots":{"index":"index","follow":"follow","max-snippet":"max-snippet:-1","max-image-preview":"max-image-preview:large","max-video-preview":"max-video-preview:-1"},"canonical":"http:\/\/baltes-bochnia.de\/?page_id=209","og_locale":"de_DE","og_type":"article","og_title":"Psychoonkologie - Praxis f\u00fcr Psychotherapie","og_description":"Menschen mit einer Krebserkrankung haben h\u00e4ufig nach \u00fcberstandener medizinischer Behandlung das Bed\u00fcrfnis alles was sie erlebt haben, zu sortieren und neu zu ordnen. M\u00f6glicherweise haben sich infolge der Erkrankung auch private und berufliche Ver\u00e4nderungen ergeben, die eine Neuorientierung notwendig machen. \u00c4ngste bez\u00fcglich einer Wiedererkrankung k\u00f6nnen den Alltag erschweren. Oft m\u00f6chten die Patienten auch ihre Familien &hellip; \u201ePsychoonkologie\u201c weiterlesen","og_url":"http:\/\/baltes-bochnia.de\/?page_id=209","og_site_name":"Praxis f\u00fcr Psychotherapie","article_modified_time":"2018-01-03T20:17:59+00:00","twitter_card":"summary_large_image","twitter_misc":{"Gesch\u00e4tzte Lesezeit":"1 Minute"},"schema":{"@context":"https:\/\/schema.org","@graph":[{"@type":"WebPage","@id":"http:\/\/baltes-bochnia.de\/?page_id=209","url":"http:\/\/baltes-bochnia.de\/?page_id=209","name":"Psychoonkologie - Praxis f\u00fcr Psychotherapie","isPartOf":{"@id":"http:\/\/baltes-bochnia.de\/#website"},"datePublished":"2017-12-02T23:10:25+00:00","dateModified":"2018-01-03T20:17:59+00:00","breadcrumb":{"@id":"http:\/\/baltes-bochnia.de\/?page_id=209#breadcrumb"},"inLanguage":"de-DE","potentialAction":[{"@type":"ReadAction","target":["http:\/\/baltes-bochnia.de\/?page_id=209"]}]},{"@type":"BreadcrumbList","@id":"http:\/\/baltes-bochnia.de\/?page_id=209#breadcrumb","itemListElement":[{"@type":"ListItem","position":1,"name":"Startseite","item":"http:\/\/baltes-bochnia.de\/"},{"@type":"ListItem","position":2,"name":"Erwachsene","item":"http:\/\/baltes-bochnia.de\/?page_id=61"},{"@type":"ListItem","position":3,"name":"Psychoonkologie"}]},{"@type":"WebSite","@id":"http:\/\/baltes-bochnia.de\/#website","url":"http:\/\/baltes-bochnia.de\/","name":"Praxis f\u00fcr Psychotherapie","description":"Dipl.-Psych. Genia Baltes &amp; Dipl.-Soz.p\u00e4d. Cindy-Chris Bochnia","potentialAction":[{"@type":"SearchAction","target":{"@type":"EntryPoint","urlTemplate":"http:\/\/baltes-bochnia.de\/?s={search_term_string}"},"query-input":"required name=search_term_string"}],"inLanguage":"de-DE"}]}},"_links":{"self":[{"href":"https:\/\/baltes-bochnia.de\/index.php?rest_route=\/wp\/v2\/pages\/209"}],"collection":[{"href":"https:\/\/baltes-bochnia.de\/index.php?rest_route=\/wp\/v2\/pages"}],"about":[{"href":"https:\/\/baltes-bochnia.de\/index.php?rest_route=\/wp\/v2\/types\/page"}],"author":[{"embeddable":true,"href":"https:\/\/baltes-bochnia.de\/index.php?rest_route=\/wp\/v2\/users\/1"}],"replies":[{"embeddable":true,"href":"https:\/\/baltes-bochnia.de\/index.php?rest_route=%2Fwp%2Fv2%2Fcomments&post=209"}],"version-history":[{"count":3,"href":"https:\/\/baltes-bochnia.de\/index.php?rest_route=\/wp\/v2\/pages\/209\/revisions"}],"predecessor-version":[{"id":408,"href":"https:\/\/baltes-bochnia.de\/index.php?rest_route=\/wp\/v2\/pages\/209\/revisions\/408"}],"up":[{"embeddable":true,"href":"https:\/\/baltes-bochnia.de\/index.php?rest_route=\/wp\/v2\/pages\/61"}],"wp:attachment":[{"href":"https:\/\/baltes-bochnia.de\/index.php?rest_route=%2Fwp%2Fv2%2Fmedia&parent=209"}],"curies":[{"name":"wp","href":"https:\/\/api.w.org\/{rel}","templated":true}]}}