{"id":215,"date":"2017-12-02T23:10:58","date_gmt":"2017-12-02T23:10:58","guid":{"rendered":"http:\/\/baltes-bochnia.de\/?page_id=215"},"modified":"2021-03-13T20:59:31","modified_gmt":"2021-03-13T20:59:31","slug":"verhaltenstherapie-2","status":"publish","type":"page","link":"https:\/\/baltes-bochnia.de\/?page_id=215","title":{"rendered":"Verhaltenstherapie"},"content":{"rendered":"<h3>Psychotherapie \u2013 kognitiv-behaviorale Verhaltenstherapie<\/h3>\n<p>Die Verhaltenstherapie kann Ihnen dabei helfen, gezielt Symptome psychischer St\u00f6rungen zu bearbeiten. Sie lernen, sich wieder handlungsf\u00e4hig zu erleben, ihr Leben so zu gestalten, wie es Ihnen entspricht.<\/p>\n<p>Verhaltenstherapeutische Techniken k\u00f6nnen Ihnen hierbei eine bessere Selbstregulation erm\u00f6glichen. Charakteristisch ist dabei die Konzentration auf gegenw\u00e4rtige Handlungsursachen, ohne dabei fr\u00fchere Erfahrungen in der Analyse der Problementstehung zu vernachl\u00e4ssigen. Somit liegt der Schwerpunkt der Arbeit auf dem beobachtbaren Verhalten und dessen Ver\u00e4nderung. Wir k\u00f6nnen gemeinsam herausfinden, was die Gr\u00fcnde f\u00fcr Ihre derzeitigen Probleme sind und gemeinsam den Weg nach vorne gehen. Wir verstehen Psychotherapie dabei im Sinne der Hilfe zur Selbsthilfe, denn Sie sind die\/derjenige, die\/der sich am besten kennt.<\/p>\n<h4>Wir k\u00f6nnen Unterst\u00fctzung bei folgenden Beschwerdebildern anbieten:<\/h4>\n<ul>\n<li>Angst, Panik und Phobie<\/li>\n<li>Depression<\/li>\n<li>Belastende Lebensereignisse<\/li>\n<li>Seelische Belastung bei schweren k\u00f6rperlichen Erkrankungen wie z.B. Krebs<\/li>\n<li>Akute Belastungsst\u00f6rung \/ Anpassungsst\u00f6rung<\/li>\n<li>Zwangsgedanken \/ Zwangshandlungen<\/li>\n<li>Bipolare St\u00f6rungen<\/li>\n<li>Psychosen<\/li>\n<li>Stress, Ersch\u00f6pfung und Burnout<\/li>\n<li>Arbeitsst\u00f6rung, Lern- und Leistungsst\u00f6rungen<\/li>\n<li>Selbstwertprobleme<\/li>\n<li>Kommunikationsschwierigkeiten<\/li>\n<li>Konflikte mit anderen Menschen<\/li>\n<li>Beziehungskonflikte \/ Paarprobleme<\/li>\n<li>Entwicklungskrisen im jungen Erwachsenenalter<\/li>\n<li>Krisen im Zusammenhang mit Elternschaft und Geburt<\/li>\n<\/ul>\n","protected":false},"excerpt":{"rendered":"<p>Psychotherapie \u2013 kognitiv-behaviorale Verhaltenstherapie Die Verhaltenstherapie kann Ihnen dabei helfen, gezielt Symptome psychischer St\u00f6rungen zu bearbeiten. Sie lernen, sich wieder handlungsf\u00e4hig zu erleben, ihr Leben so zu gestalten, wie es Ihnen entspricht. Verhaltenstherapeutische Techniken k\u00f6nnen Ihnen hierbei eine bessere Selbstregulation erm\u00f6glichen. Charakteristisch ist dabei die Konzentration auf gegenw\u00e4rtige Handlungsursachen, ohne dabei fr\u00fchere Erfahrungen in der &hellip; <\/p>\n<p class=\"link-more\"><a href=\"https:\/\/baltes-bochnia.de\/?page_id=215\" class=\"more-link\"><span class=\"screen-reader-text\">\u201eVerhaltenstherapie\u201c<\/span> weiterlesen<\/a><\/p>\n","protected":false},"author":1,"featured_media":0,"parent":61,"menu_order":2,"comment_status":"closed","ping_status":"closed","template":"","meta":[],"yoast_head":"<!-- This site is optimized with the Yoast SEO plugin v19.11 - https:\/\/yoast.com\/wordpress\/plugins\/seo\/ -->\n<title>Verhaltenstherapie - Praxis f\u00fcr Psychotherapie<\/title>\n<meta name=\"robots\" content=\"index, follow, max-snippet:-1, max-image-preview:large, max-video-preview:-1\" \/>\n<link rel=\"canonical\" href=\"http:\/\/baltes-bochnia.de\/?page_id=215\" \/>\n<meta property=\"og:locale\" content=\"de_DE\" \/>\n<meta property=\"og:type\" content=\"article\" \/>\n<meta property=\"og:title\" content=\"Verhaltenstherapie - Praxis f\u00fcr Psychotherapie\" \/>\n<meta property=\"og:description\" content=\"Psychotherapie \u2013 kognitiv-behaviorale Verhaltenstherapie Die Verhaltenstherapie kann Ihnen dabei helfen, gezielt Symptome psychischer St\u00f6rungen zu bearbeiten. Sie lernen, sich wieder handlungsf\u00e4hig zu erleben, ihr Leben so zu gestalten, wie es Ihnen entspricht. Verhaltenstherapeutische Techniken k\u00f6nnen Ihnen hierbei eine bessere Selbstregulation erm\u00f6glichen. Charakteristisch ist dabei die Konzentration auf gegenw\u00e4rtige Handlungsursachen, ohne dabei fr\u00fchere Erfahrungen in der &hellip; \u201eVerhaltenstherapie\u201c weiterlesen\" \/>\n<meta property=\"og:url\" content=\"http:\/\/baltes-bochnia.de\/?page_id=215\" \/>\n<meta property=\"og:site_name\" content=\"Praxis f\u00fcr Psychotherapie\" \/>\n<meta property=\"article:modified_time\" content=\"2021-03-13T20:59:31+00:00\" \/>\n<meta name=\"twitter:card\" content=\"summary_large_image\" \/>\n<meta name=\"twitter:label1\" content=\"Gesch\u00e4tzte Lesezeit\" \/>\n\t<meta name=\"twitter:data1\" content=\"1 Minute\" \/>\n<script type=\"application\/ld+json\" class=\"yoast-schema-graph\">{\"@context\":\"https:\/\/schema.org\",\"@graph\":[{\"@type\":\"WebPage\",\"@id\":\"http:\/\/baltes-bochnia.de\/?page_id=215\",\"url\":\"http:\/\/baltes-bochnia.de\/?page_id=215\",\"name\":\"Verhaltenstherapie - Praxis f\u00fcr Psychotherapie\",\"isPartOf\":{\"@id\":\"http:\/\/baltes-bochnia.de\/#website\"},\"datePublished\":\"2017-12-02T23:10:58+00:00\",\"dateModified\":\"2021-03-13T20:59:31+00:00\",\"breadcrumb\":{\"@id\":\"http:\/\/baltes-bochnia.de\/?page_id=215#breadcrumb\"},\"inLanguage\":\"de-DE\",\"potentialAction\":[{\"@type\":\"ReadAction\",\"target\":[\"http:\/\/baltes-bochnia.de\/?page_id=215\"]}]},{\"@type\":\"BreadcrumbList\",\"@id\":\"http:\/\/baltes-bochnia.de\/?page_id=215#breadcrumb\",\"itemListElement\":[{\"@type\":\"ListItem\",\"position\":1,\"name\":\"Startseite\",\"item\":\"http:\/\/baltes-bochnia.de\/\"},{\"@type\":\"ListItem\",\"position\":2,\"name\":\"Erwachsene\",\"item\":\"http:\/\/baltes-bochnia.de\/?page_id=61\"},{\"@type\":\"ListItem\",\"position\":3,\"name\":\"Verhaltenstherapie\"}]},{\"@type\":\"WebSite\",\"@id\":\"http:\/\/baltes-bochnia.de\/#website\",\"url\":\"http:\/\/baltes-bochnia.de\/\",\"name\":\"Praxis f\u00fcr Psychotherapie\",\"description\":\"Dipl.-Psych. Genia Baltes &amp; Dipl.-Soz.p\u00e4d. Cindy-Chris Bochnia\",\"potentialAction\":[{\"@type\":\"SearchAction\",\"target\":{\"@type\":\"EntryPoint\",\"urlTemplate\":\"http:\/\/baltes-bochnia.de\/?s={search_term_string}\"},\"query-input\":\"required name=search_term_string\"}],\"inLanguage\":\"de-DE\"}]}<\/script>\n<!-- \/ Yoast SEO plugin. -->","yoast_head_json":{"title":"Verhaltenstherapie - Praxis f\u00fcr Psychotherapie","robots":{"index":"index","follow":"follow","max-snippet":"max-snippet:-1","max-image-preview":"max-image-preview:large","max-video-preview":"max-video-preview:-1"},"canonical":"http:\/\/baltes-bochnia.de\/?page_id=215","og_locale":"de_DE","og_type":"article","og_title":"Verhaltenstherapie - Praxis f\u00fcr Psychotherapie","og_description":"Psychotherapie \u2013 kognitiv-behaviorale Verhaltenstherapie Die Verhaltenstherapie kann Ihnen dabei helfen, gezielt Symptome psychischer St\u00f6rungen zu bearbeiten. Sie lernen, sich wieder handlungsf\u00e4hig zu erleben, ihr Leben so zu gestalten, wie es Ihnen entspricht. Verhaltenstherapeutische Techniken k\u00f6nnen Ihnen hierbei eine bessere Selbstregulation erm\u00f6glichen. Charakteristisch ist dabei die Konzentration auf gegenw\u00e4rtige Handlungsursachen, ohne dabei fr\u00fchere Erfahrungen in der &hellip; \u201eVerhaltenstherapie\u201c weiterlesen","og_url":"http:\/\/baltes-bochnia.de\/?page_id=215","og_site_name":"Praxis f\u00fcr Psychotherapie","article_modified_time":"2021-03-13T20:59:31+00:00","twitter_card":"summary_large_image","twitter_misc":{"Gesch\u00e4tzte Lesezeit":"1 Minute"},"schema":{"@context":"https:\/\/schema.org","@graph":[{"@type":"WebPage","@id":"http:\/\/baltes-bochnia.de\/?page_id=215","url":"http:\/\/baltes-bochnia.de\/?page_id=215","name":"Verhaltenstherapie - Praxis f\u00fcr Psychotherapie","isPartOf":{"@id":"http:\/\/baltes-bochnia.de\/#website"},"datePublished":"2017-12-02T23:10:58+00:00","dateModified":"2021-03-13T20:59:31+00:00","breadcrumb":{"@id":"http:\/\/baltes-bochnia.de\/?page_id=215#breadcrumb"},"inLanguage":"de-DE","potentialAction":[{"@type":"ReadAction","target":["http:\/\/baltes-bochnia.de\/?page_id=215"]}]},{"@type":"BreadcrumbList","@id":"http:\/\/baltes-bochnia.de\/?page_id=215#breadcrumb","itemListElement":[{"@type":"ListItem","position":1,"name":"Startseite","item":"http:\/\/baltes-bochnia.de\/"},{"@type":"ListItem","position":2,"name":"Erwachsene","item":"http:\/\/baltes-bochnia.de\/?page_id=61"},{"@type":"ListItem","position":3,"name":"Verhaltenstherapie"}]},{"@type":"WebSite","@id":"http:\/\/baltes-bochnia.de\/#website","url":"http:\/\/baltes-bochnia.de\/","name":"Praxis f\u00fcr Psychotherapie","description":"Dipl.-Psych. Genia Baltes &amp; Dipl.-Soz.p\u00e4d. Cindy-Chris Bochnia","potentialAction":[{"@type":"SearchAction","target":{"@type":"EntryPoint","urlTemplate":"http:\/\/baltes-bochnia.de\/?s={search_term_string}"},"query-input":"required name=search_term_string"}],"inLanguage":"de-DE"}]}},"_links":{"self":[{"href":"https:\/\/baltes-bochnia.de\/index.php?rest_route=\/wp\/v2\/pages\/215"}],"collection":[{"href":"https:\/\/baltes-bochnia.de\/index.php?rest_route=\/wp\/v2\/pages"}],"about":[{"href":"https:\/\/baltes-bochnia.de\/index.php?rest_route=\/wp\/v2\/types\/page"}],"author":[{"embeddable":true,"href":"https:\/\/baltes-bochnia.de\/index.php?rest_route=\/wp\/v2\/users\/1"}],"replies":[{"embeddable":true,"href":"https:\/\/baltes-bochnia.de\/index.php?rest_route=%2Fwp%2Fv2%2Fcomments&post=215"}],"version-history":[{"count":10,"href":"https:\/\/baltes-bochnia.de\/index.php?rest_route=\/wp\/v2\/pages\/215\/revisions"}],"predecessor-version":[{"id":681,"href":"https:\/\/baltes-bochnia.de\/index.php?rest_route=\/wp\/v2\/pages\/215\/revisions\/681"}],"up":[{"embeddable":true,"href":"https:\/\/baltes-bochnia.de\/index.php?rest_route=\/wp\/v2\/pages\/61"}],"wp:attachment":[{"href":"https:\/\/baltes-bochnia.de\/index.php?rest_route=%2Fwp%2Fv2%2Fmedia&parent=215"}],"curies":[{"name":"wp","href":"https:\/\/api.w.org\/{rel}","templated":true}]}}