{"id":220,"date":"2017-12-02T23:13:45","date_gmt":"2017-12-02T23:13:45","guid":{"rendered":"http:\/\/baltes-bochnia.de\/?page_id=220"},"modified":"2024-05-23T21:04:42","modified_gmt":"2024-05-23T21:04:42","slug":"dipl-soz-paed-cindy-chris-bochnia","status":"publish","type":"page","link":"https:\/\/baltes-bochnia.de\/?page_id=220","title":{"rendered":"Dipl.-Soz.p\u00e4d. Cindy-Chris Bochnia"},"content":{"rendered":"<h4><img decoding=\"async\" loading=\"lazy\" class=\"wp-image-9 size-medium alignnone\" src=\"http:\/\/baltes-bochnia.de\/wp-content\/uploads\/2017\/11\/cropped-IMG_1852-Bearbeitet-300x180.jpg\" alt=\"\" width=\"300\" height=\"180\" srcset=\"https:\/\/baltes-bochnia.de\/wp-content\/uploads\/2017\/11\/cropped-IMG_1852-Bearbeitet-300x180.jpg 300w, https:\/\/baltes-bochnia.de\/wp-content\/uploads\/2017\/11\/cropped-IMG_1852-Bearbeitet-768x461.jpg 768w, https:\/\/baltes-bochnia.de\/wp-content\/uploads\/2017\/11\/cropped-IMG_1852-Bearbeitet-1024x614.jpg 1024w, https:\/\/baltes-bochnia.de\/wp-content\/uploads\/2017\/11\/cropped-IMG_1852-Bearbeitet.jpg 2000w\" sizes=\"(max-width: 300px) 100vw, 300px\" \/><\/h4>\n<h4><\/h4>\n<h4>Berufliche T\u00e4tigkeit:<\/h4>\n<p style=\"text-align: left;\">Seit 2014<\/p>\n<p style=\"text-align: left;\">Kinder- und Jugendlichenpsychotherapeutin in eigener Praxis (ab 2018 mit Teilnahme an der vertragspsychotherapeutischen Versorgung)<\/p>\n<p>2014-2018<\/p>\n<p>Kinder- und Jugendlichenpsychotherapeutin bei der Beratungsstelle Kind im Zentrum (KiZ)<\/p>\n<p style=\"text-align: left;\">2011-2013<\/p>\n<p style=\"text-align: left;\">Mitarbeiterin in der Ausbildungsambulanz am Institut f\u00fcr Verhaltenstherapie Berlin (IVB)<\/p>\n<p style=\"text-align: left;\">2010-2011<\/p>\n<p style=\"text-align: left;\">Kinder und Jugendlichenpsychotherapeutin i.A. Klinik f\u00fcr Psychiatrie, Psychosomatik und Psychotherapie des Kindes- und Jugendalters, Virchow Klinikum, Charit\u00e9 Berlin<\/p>\n<p style=\"text-align: left;\">2009-2010<\/p>\n<p style=\"text-align: left;\">Kinder und Jugendlichenpsychotherapeutin i.A. bei Dr. med. K. F. Praxis f\u00fcr Kinder &amp; Jugendpsychiatrie-psychotherapie<\/p>\n<h5 style=\"text-align: left;\"><\/h5>\n<h4 style=\"text-align: left;\">Ausbildung:<\/h4>\n<p style=\"text-align: left;\">Seit 2015<\/p>\n<p style=\"text-align: left;\">Weiterbildung in EMDR (Eye Movement Desensitization and Reprocessing)<\/p>\n<p style=\"text-align: left;\">2013<\/p>\n<p style=\"text-align: left;\">Approbation als Kinder- und Jugendlichenpsychotherapeutin<\/p>\n<p style=\"text-align: left;\">2009-2013<\/p>\n<p style=\"text-align: left;\">Staatlich anerkannte Aus- und Weiterbildung zur Kinder- und Jugendlichenpsychotherapeutin (VT) am Institut f\u00fcr Verhaltenstherapie Berlin (IVB)<\/p>\n<p style=\"text-align: left;\">2003-2008<\/p>\n<p style=\"text-align: left;\">Studium der Sozialarbeit\/Sozialp\u00e4dagogik am Fachbereich Soziale Arbeit, Otto-Friedrich-Universit\u00e4t Bamberg<\/p>\n<h5 style=\"text-align: left;\"><\/h5>\n<h4 style=\"text-align: left;\">Mitgliedschaften:<\/h4>\n<p style=\"text-align: left;\">Psychotherapeutenkammer Berlin \u00a0<a title=\"www.psychotherapeutenkammer-berlin.de\" href=\"http:\/\/www.psychotherapeutenkammer-berlin.de\">www.psychotherapeutenkammer-berlin.de<\/a><\/p>\n<p style=\"text-align: left;\">Kassen\u00e4rztliche Vereinigung\u00a0<a title=\"www.kvberlin.de\" href=\"http:\/\/www.kvberlin.de\">www.kvberlin.de<\/a><\/p>\n<p style=\"text-align: left;\">Deutsche Psychotherapeutenvereinigung (DPtV) <a href=\"http:\/\/www.deutschepsychotherapeutenvereinigung.de\">www.deutschepsychotherapeutenvereinigung.de<\/a><\/p>\n","protected":false},"excerpt":{"rendered":"<p>Berufliche T\u00e4tigkeit: Seit 2014 Kinder- und Jugendlichenpsychotherapeutin in eigener Praxis (ab 2018 mit Teilnahme an der vertragspsychotherapeutischen Versorgung) 2014-2018 Kinder- und Jugendlichenpsychotherapeutin bei der Beratungsstelle Kind im Zentrum (KiZ) 2011-2013 Mitarbeiterin in der Ausbildungsambulanz am Institut f\u00fcr Verhaltenstherapie Berlin (IVB) 2010-2011 Kinder und Jugendlichenpsychotherapeutin i.A. Klinik f\u00fcr Psychiatrie, Psychosomatik und Psychotherapie des Kindes- und Jugendalters, &hellip; <\/p>\n<p class=\"link-more\"><a href=\"https:\/\/baltes-bochnia.de\/?page_id=220\" class=\"more-link\"><span class=\"screen-reader-text\">\u201eDipl.-Soz.p\u00e4d. Cindy-Chris Bochnia\u201c<\/span> weiterlesen<\/a><\/p>\n","protected":false},"author":1,"featured_media":0,"parent":351,"menu_order":2,"comment_status":"closed","ping_status":"closed","template":"","meta":[],"yoast_head":"<!-- This site is optimized with the Yoast SEO plugin v19.11 - https:\/\/yoast.com\/wordpress\/plugins\/seo\/ -->\n<title>Dipl.-Soz.p\u00e4d. Cindy-Chris Bochnia - Praxis f\u00fcr Psychotherapie<\/title>\n<meta name=\"robots\" content=\"index, follow, max-snippet:-1, max-image-preview:large, max-video-preview:-1\" \/>\n<link rel=\"canonical\" href=\"http:\/\/baltes-bochnia.de\/?page_id=220\" \/>\n<meta property=\"og:locale\" content=\"de_DE\" \/>\n<meta property=\"og:type\" content=\"article\" \/>\n<meta property=\"og:title\" content=\"Dipl.-Soz.p\u00e4d. Cindy-Chris Bochnia - Praxis f\u00fcr Psychotherapie\" \/>\n<meta property=\"og:description\" content=\"Berufliche T\u00e4tigkeit: Seit 2014 Kinder- und Jugendlichenpsychotherapeutin in eigener Praxis (ab 2018 mit Teilnahme an der vertragspsychotherapeutischen Versorgung) 2014-2018 Kinder- und Jugendlichenpsychotherapeutin bei der Beratungsstelle Kind im Zentrum (KiZ) 2011-2013 Mitarbeiterin in der Ausbildungsambulanz am Institut f\u00fcr Verhaltenstherapie Berlin (IVB) 2010-2011 Kinder und Jugendlichenpsychotherapeutin i.A. Klinik f\u00fcr Psychiatrie, Psychosomatik und Psychotherapie des Kindes- und Jugendalters, &hellip; \u201eDipl.-Soz.p\u00e4d. Cindy-Chris Bochnia\u201c weiterlesen\" \/>\n<meta property=\"og:url\" content=\"http:\/\/baltes-bochnia.de\/?page_id=220\" \/>\n<meta property=\"og:site_name\" content=\"Praxis f\u00fcr Psychotherapie\" \/>\n<meta property=\"article:modified_time\" content=\"2024-05-23T21:04:42+00:00\" \/>\n<meta property=\"og:image\" content=\"http:\/\/baltes-bochnia.de\/wp-content\/uploads\/2017\/11\/cropped-IMG_1852-Bearbeitet-300x180.jpg\" \/>\n<meta name=\"twitter:card\" content=\"summary_large_image\" \/>\n<meta name=\"twitter:label1\" content=\"Gesch\u00e4tzte Lesezeit\" \/>\n\t<meta name=\"twitter:data1\" content=\"1 Minute\" \/>\n<script type=\"application\/ld+json\" class=\"yoast-schema-graph\">{\"@context\":\"https:\/\/schema.org\",\"@graph\":[{\"@type\":\"WebPage\",\"@id\":\"http:\/\/baltes-bochnia.de\/?page_id=220\",\"url\":\"http:\/\/baltes-bochnia.de\/?page_id=220\",\"name\":\"Dipl.-Soz.p\u00e4d. Cindy-Chris Bochnia - Praxis f\u00fcr Psychotherapie\",\"isPartOf\":{\"@id\":\"http:\/\/baltes-bochnia.de\/#website\"},\"datePublished\":\"2017-12-02T23:13:45+00:00\",\"dateModified\":\"2024-05-23T21:04:42+00:00\",\"breadcrumb\":{\"@id\":\"http:\/\/baltes-bochnia.de\/?page_id=220#breadcrumb\"},\"inLanguage\":\"de-DE\",\"potentialAction\":[{\"@type\":\"ReadAction\",\"target\":[\"http:\/\/baltes-bochnia.de\/?page_id=220\"]}]},{\"@type\":\"BreadcrumbList\",\"@id\":\"http:\/\/baltes-bochnia.de\/?page_id=220#breadcrumb\",\"itemListElement\":[{\"@type\":\"ListItem\",\"position\":1,\"name\":\"Startseite\",\"item\":\"http:\/\/baltes-bochnia.de\/\"},{\"@type\":\"ListItem\",\"position\":2,\"name\":\"\u00dcber uns\",\"item\":\"http:\/\/baltes-bochnia.de\/?page_id=351\"},{\"@type\":\"ListItem\",\"position\":3,\"name\":\"Dipl.-Soz.p\u00e4d. Cindy-Chris Bochnia\"}]},{\"@type\":\"WebSite\",\"@id\":\"http:\/\/baltes-bochnia.de\/#website\",\"url\":\"http:\/\/baltes-bochnia.de\/\",\"name\":\"Praxis f\u00fcr Psychotherapie\",\"description\":\"Dipl.-Psych. Genia Baltes &amp; Dipl.-Soz.p\u00e4d. Cindy-Chris Bochnia\",\"potentialAction\":[{\"@type\":\"SearchAction\",\"target\":{\"@type\":\"EntryPoint\",\"urlTemplate\":\"http:\/\/baltes-bochnia.de\/?s={search_term_string}\"},\"query-input\":\"required name=search_term_string\"}],\"inLanguage\":\"de-DE\"}]}<\/script>\n<!-- \/ Yoast SEO plugin. -->","yoast_head_json":{"title":"Dipl.-Soz.p\u00e4d. Cindy-Chris Bochnia - Praxis f\u00fcr Psychotherapie","robots":{"index":"index","follow":"follow","max-snippet":"max-snippet:-1","max-image-preview":"max-image-preview:large","max-video-preview":"max-video-preview:-1"},"canonical":"http:\/\/baltes-bochnia.de\/?page_id=220","og_locale":"de_DE","og_type":"article","og_title":"Dipl.-Soz.p\u00e4d. Cindy-Chris Bochnia - Praxis f\u00fcr Psychotherapie","og_description":"Berufliche T\u00e4tigkeit: Seit 2014 Kinder- und Jugendlichenpsychotherapeutin in eigener Praxis (ab 2018 mit Teilnahme an der vertragspsychotherapeutischen Versorgung) 2014-2018 Kinder- und Jugendlichenpsychotherapeutin bei der Beratungsstelle Kind im Zentrum (KiZ) 2011-2013 Mitarbeiterin in der Ausbildungsambulanz am Institut f\u00fcr Verhaltenstherapie Berlin (IVB) 2010-2011 Kinder und Jugendlichenpsychotherapeutin i.A. Klinik f\u00fcr Psychiatrie, Psychosomatik und Psychotherapie des Kindes- und Jugendalters, &hellip; \u201eDipl.-Soz.p\u00e4d. Cindy-Chris Bochnia\u201c weiterlesen","og_url":"http:\/\/baltes-bochnia.de\/?page_id=220","og_site_name":"Praxis f\u00fcr Psychotherapie","article_modified_time":"2024-05-23T21:04:42+00:00","og_image":[{"url":"http:\/\/baltes-bochnia.de\/wp-content\/uploads\/2017\/11\/cropped-IMG_1852-Bearbeitet-300x180.jpg"}],"twitter_card":"summary_large_image","twitter_misc":{"Gesch\u00e4tzte Lesezeit":"1 Minute"},"schema":{"@context":"https:\/\/schema.org","@graph":[{"@type":"WebPage","@id":"http:\/\/baltes-bochnia.de\/?page_id=220","url":"http:\/\/baltes-bochnia.de\/?page_id=220","name":"Dipl.-Soz.p\u00e4d. Cindy-Chris Bochnia - Praxis f\u00fcr Psychotherapie","isPartOf":{"@id":"http:\/\/baltes-bochnia.de\/#website"},"datePublished":"2017-12-02T23:13:45+00:00","dateModified":"2024-05-23T21:04:42+00:00","breadcrumb":{"@id":"http:\/\/baltes-bochnia.de\/?page_id=220#breadcrumb"},"inLanguage":"de-DE","potentialAction":[{"@type":"ReadAction","target":["http:\/\/baltes-bochnia.de\/?page_id=220"]}]},{"@type":"BreadcrumbList","@id":"http:\/\/baltes-bochnia.de\/?page_id=220#breadcrumb","itemListElement":[{"@type":"ListItem","position":1,"name":"Startseite","item":"http:\/\/baltes-bochnia.de\/"},{"@type":"ListItem","position":2,"name":"\u00dcber uns","item":"http:\/\/baltes-bochnia.de\/?page_id=351"},{"@type":"ListItem","position":3,"name":"Dipl.-Soz.p\u00e4d. Cindy-Chris Bochnia"}]},{"@type":"WebSite","@id":"http:\/\/baltes-bochnia.de\/#website","url":"http:\/\/baltes-bochnia.de\/","name":"Praxis f\u00fcr Psychotherapie","description":"Dipl.-Psych. Genia Baltes &amp; Dipl.-Soz.p\u00e4d. Cindy-Chris Bochnia","potentialAction":[{"@type":"SearchAction","target":{"@type":"EntryPoint","urlTemplate":"http:\/\/baltes-bochnia.de\/?s={search_term_string}"},"query-input":"required name=search_term_string"}],"inLanguage":"de-DE"}]}},"_links":{"self":[{"href":"https:\/\/baltes-bochnia.de\/index.php?rest_route=\/wp\/v2\/pages\/220"}],"collection":[{"href":"https:\/\/baltes-bochnia.de\/index.php?rest_route=\/wp\/v2\/pages"}],"about":[{"href":"https:\/\/baltes-bochnia.de\/index.php?rest_route=\/wp\/v2\/types\/page"}],"author":[{"embeddable":true,"href":"https:\/\/baltes-bochnia.de\/index.php?rest_route=\/wp\/v2\/users\/1"}],"replies":[{"embeddable":true,"href":"https:\/\/baltes-bochnia.de\/index.php?rest_route=%2Fwp%2Fv2%2Fcomments&post=220"}],"version-history":[{"count":9,"href":"https:\/\/baltes-bochnia.de\/index.php?rest_route=\/wp\/v2\/pages\/220\/revisions"}],"predecessor-version":[{"id":753,"href":"https:\/\/baltes-bochnia.de\/index.php?rest_route=\/wp\/v2\/pages\/220\/revisions\/753"}],"up":[{"embeddable":true,"href":"https:\/\/baltes-bochnia.de\/index.php?rest_route=\/wp\/v2\/pages\/351"}],"wp:attachment":[{"href":"https:\/\/baltes-bochnia.de\/index.php?rest_route=%2Fwp%2Fv2%2Fmedia&parent=220"}],"curies":[{"name":"wp","href":"https:\/\/api.w.org\/{rel}","templated":true}]}}