{"id":411,"date":"2018-01-03T20:24:46","date_gmt":"2018-01-03T20:24:46","guid":{"rendered":"http:\/\/baltes-bochnia.de\/?page_id=411"},"modified":"2021-03-13T20:34:00","modified_gmt":"2021-03-13T20:34:00","slug":"kosten-und-ablauf","status":"publish","type":"page","link":"https:\/\/baltes-bochnia.de\/?page_id=411","title":{"rendered":"Kosten und Ablauf"},"content":{"rendered":"<h4>Gesetzliche Krankenkasse<\/h4>\n<p>Psychotherapien k\u00f6nnen \u00fcber die Krankenkassen abgerechnet werden. In der psychotherapeutischen Sprechstunde und den der Therapie vorgeschalteten probatorischen Sitzungen kann der Anlass der Therapie, eine Problemanalyse und Diagnostik und im Einvernehmen mit dem Patienten eine Entscheidung f\u00fcr die Therapie sowie ein Antrag zur \u00dcbernahme der Kosten durchgef\u00fchrt werden.<\/p>\n<h4>Private Krankenkassen und Beihilfe<\/h4>\n<p>Auch hier\u00fcber k\u00f6nnen die entstehenden Kosten f\u00fcr eine Psychotherapie nach den jeweiligen Vertragsbedingungen erstattet werden.<\/p>\n<h4>Selbstzahler<\/h4>\n<p>M\u00f6chte ein Patient die Kosten f\u00fcr eine Psychotherapie selbst tragen, so wird in einem pers\u00f6nlichen Gespr\u00e4ch vor der Behandlung \u00fcber den Verlauf der Behandlung, die Dauer der Behandlung und die Kosten informiert.<\/p>\n","protected":false},"excerpt":{"rendered":"<p>Gesetzliche Krankenkasse Psychotherapien k\u00f6nnen \u00fcber die Krankenkassen abgerechnet werden. In der psychotherapeutischen Sprechstunde und den der Therapie vorgeschalteten probatorischen Sitzungen kann der Anlass der Therapie, eine Problemanalyse und Diagnostik und im Einvernehmen mit dem Patienten eine Entscheidung f\u00fcr die Therapie sowie ein Antrag zur \u00dcbernahme der Kosten durchgef\u00fchrt werden. Private Krankenkassen und Beihilfe Auch hier\u00fcber &hellip; <\/p>\n<p class=\"link-more\"><a href=\"https:\/\/baltes-bochnia.de\/?page_id=411\" class=\"more-link\"><span class=\"screen-reader-text\">\u201eKosten und Ablauf\u201c<\/span> weiterlesen<\/a><\/p>\n","protected":false},"author":1,"featured_media":0,"parent":0,"menu_order":4,"comment_status":"closed","ping_status":"closed","template":"","meta":[],"yoast_head":"<!-- This site is optimized with the Yoast SEO plugin v19.11 - https:\/\/yoast.com\/wordpress\/plugins\/seo\/ -->\n<title>Kosten und Ablauf - Praxis f\u00fcr Psychotherapie<\/title>\n<meta name=\"robots\" content=\"index, follow, max-snippet:-1, max-image-preview:large, max-video-preview:-1\" \/>\n<link rel=\"canonical\" href=\"https:\/\/baltes-bochnia.de\/?page_id=411\" \/>\n<meta property=\"og:locale\" content=\"de_DE\" \/>\n<meta property=\"og:type\" content=\"article\" \/>\n<meta property=\"og:title\" content=\"Kosten und Ablauf - Praxis f\u00fcr Psychotherapie\" \/>\n<meta property=\"og:description\" content=\"Gesetzliche Krankenkasse Psychotherapien k\u00f6nnen \u00fcber die Krankenkassen abgerechnet werden. In der psychotherapeutischen Sprechstunde und den der Therapie vorgeschalteten probatorischen Sitzungen kann der Anlass der Therapie, eine Problemanalyse und Diagnostik und im Einvernehmen mit dem Patienten eine Entscheidung f\u00fcr die Therapie sowie ein Antrag zur \u00dcbernahme der Kosten durchgef\u00fchrt werden. Private Krankenkassen und Beihilfe Auch hier\u00fcber &hellip; \u201eKosten und Ablauf\u201c weiterlesen\" \/>\n<meta property=\"og:url\" content=\"https:\/\/baltes-bochnia.de\/?page_id=411\" \/>\n<meta property=\"og:site_name\" content=\"Praxis f\u00fcr Psychotherapie\" \/>\n<meta property=\"article:modified_time\" content=\"2021-03-13T20:34:00+00:00\" \/>\n<meta name=\"twitter:card\" content=\"summary_large_image\" \/>\n<meta name=\"twitter:label1\" content=\"Gesch\u00e4tzte Lesezeit\" \/>\n\t<meta name=\"twitter:data1\" content=\"1 Minute\" \/>\n<script type=\"application\/ld+json\" class=\"yoast-schema-graph\">{\"@context\":\"https:\/\/schema.org\",\"@graph\":[{\"@type\":\"WebPage\",\"@id\":\"https:\/\/baltes-bochnia.de\/?page_id=411\",\"url\":\"https:\/\/baltes-bochnia.de\/?page_id=411\",\"name\":\"Kosten und Ablauf - Praxis f\u00fcr Psychotherapie\",\"isPartOf\":{\"@id\":\"http:\/\/baltes-bochnia.de\/#website\"},\"datePublished\":\"2018-01-03T20:24:46+00:00\",\"dateModified\":\"2021-03-13T20:34:00+00:00\",\"breadcrumb\":{\"@id\":\"https:\/\/baltes-bochnia.de\/?page_id=411#breadcrumb\"},\"inLanguage\":\"de-DE\",\"potentialAction\":[{\"@type\":\"ReadAction\",\"target\":[\"https:\/\/baltes-bochnia.de\/?page_id=411\"]}]},{\"@type\":\"BreadcrumbList\",\"@id\":\"https:\/\/baltes-bochnia.de\/?page_id=411#breadcrumb\",\"itemListElement\":[{\"@type\":\"ListItem\",\"position\":1,\"name\":\"Startseite\",\"item\":\"http:\/\/baltes-bochnia.de\/\"},{\"@type\":\"ListItem\",\"position\":2,\"name\":\"Kosten und Ablauf\"}]},{\"@type\":\"WebSite\",\"@id\":\"http:\/\/baltes-bochnia.de\/#website\",\"url\":\"http:\/\/baltes-bochnia.de\/\",\"name\":\"Praxis f\u00fcr Psychotherapie\",\"description\":\"Dipl.-Psych. Genia Baltes &amp; Dipl.-Soz.p\u00e4d. Cindy-Chris Bochnia\",\"potentialAction\":[{\"@type\":\"SearchAction\",\"target\":{\"@type\":\"EntryPoint\",\"urlTemplate\":\"http:\/\/baltes-bochnia.de\/?s={search_term_string}\"},\"query-input\":\"required name=search_term_string\"}],\"inLanguage\":\"de-DE\"}]}<\/script>\n<!-- \/ Yoast SEO plugin. -->","yoast_head_json":{"title":"Kosten und Ablauf - Praxis f\u00fcr Psychotherapie","robots":{"index":"index","follow":"follow","max-snippet":"max-snippet:-1","max-image-preview":"max-image-preview:large","max-video-preview":"max-video-preview:-1"},"canonical":"https:\/\/baltes-bochnia.de\/?page_id=411","og_locale":"de_DE","og_type":"article","og_title":"Kosten und Ablauf - Praxis f\u00fcr Psychotherapie","og_description":"Gesetzliche Krankenkasse Psychotherapien k\u00f6nnen \u00fcber die Krankenkassen abgerechnet werden. In der psychotherapeutischen Sprechstunde und den der Therapie vorgeschalteten probatorischen Sitzungen kann der Anlass der Therapie, eine Problemanalyse und Diagnostik und im Einvernehmen mit dem Patienten eine Entscheidung f\u00fcr die Therapie sowie ein Antrag zur \u00dcbernahme der Kosten durchgef\u00fchrt werden. Private Krankenkassen und Beihilfe Auch hier\u00fcber &hellip; \u201eKosten und Ablauf\u201c weiterlesen","og_url":"https:\/\/baltes-bochnia.de\/?page_id=411","og_site_name":"Praxis f\u00fcr Psychotherapie","article_modified_time":"2021-03-13T20:34:00+00:00","twitter_card":"summary_large_image","twitter_misc":{"Gesch\u00e4tzte Lesezeit":"1 Minute"},"schema":{"@context":"https:\/\/schema.org","@graph":[{"@type":"WebPage","@id":"https:\/\/baltes-bochnia.de\/?page_id=411","url":"https:\/\/baltes-bochnia.de\/?page_id=411","name":"Kosten und Ablauf - Praxis f\u00fcr Psychotherapie","isPartOf":{"@id":"http:\/\/baltes-bochnia.de\/#website"},"datePublished":"2018-01-03T20:24:46+00:00","dateModified":"2021-03-13T20:34:00+00:00","breadcrumb":{"@id":"https:\/\/baltes-bochnia.de\/?page_id=411#breadcrumb"},"inLanguage":"de-DE","potentialAction":[{"@type":"ReadAction","target":["https:\/\/baltes-bochnia.de\/?page_id=411"]}]},{"@type":"BreadcrumbList","@id":"https:\/\/baltes-bochnia.de\/?page_id=411#breadcrumb","itemListElement":[{"@type":"ListItem","position":1,"name":"Startseite","item":"http:\/\/baltes-bochnia.de\/"},{"@type":"ListItem","position":2,"name":"Kosten und Ablauf"}]},{"@type":"WebSite","@id":"http:\/\/baltes-bochnia.de\/#website","url":"http:\/\/baltes-bochnia.de\/","name":"Praxis f\u00fcr Psychotherapie","description":"Dipl.-Psych. Genia Baltes &amp; Dipl.-Soz.p\u00e4d. Cindy-Chris Bochnia","potentialAction":[{"@type":"SearchAction","target":{"@type":"EntryPoint","urlTemplate":"http:\/\/baltes-bochnia.de\/?s={search_term_string}"},"query-input":"required name=search_term_string"}],"inLanguage":"de-DE"}]}},"_links":{"self":[{"href":"https:\/\/baltes-bochnia.de\/index.php?rest_route=\/wp\/v2\/pages\/411"}],"collection":[{"href":"https:\/\/baltes-bochnia.de\/index.php?rest_route=\/wp\/v2\/pages"}],"about":[{"href":"https:\/\/baltes-bochnia.de\/index.php?rest_route=\/wp\/v2\/types\/page"}],"author":[{"embeddable":true,"href":"https:\/\/baltes-bochnia.de\/index.php?rest_route=\/wp\/v2\/users\/1"}],"replies":[{"embeddable":true,"href":"https:\/\/baltes-bochnia.de\/index.php?rest_route=%2Fwp%2Fv2%2Fcomments&post=411"}],"version-history":[{"count":5,"href":"https:\/\/baltes-bochnia.de\/index.php?rest_route=\/wp\/v2\/pages\/411\/revisions"}],"predecessor-version":[{"id":669,"href":"https:\/\/baltes-bochnia.de\/index.php?rest_route=\/wp\/v2\/pages\/411\/revisions\/669"}],"wp:attachment":[{"href":"https:\/\/baltes-bochnia.de\/index.php?rest_route=%2Fwp%2Fv2%2Fmedia&parent=411"}],"curies":[{"name":"wp","href":"https:\/\/api.w.org\/{rel}","templated":true}]}}