{"id":57,"date":"2017-12-01T21:51:32","date_gmt":"2017-12-01T21:51:32","guid":{"rendered":"http:\/\/baltes-bochnia.de\/?page_id=57"},"modified":"2022-11-29T18:14:47","modified_gmt":"2022-11-29T18:14:47","slug":"kontakt","status":"publish","type":"page","link":"https:\/\/baltes-bochnia.de\/?page_id=57","title":{"rendered":"Kontakt"},"content":{"rendered":"<p><a href=\"http:\/\/baltes-bochnia.de\/wp-content\/uploads\/2017\/12\/Eingang.jpg\"><img decoding=\"async\" loading=\"lazy\" class=\"alignnone wp-image-30\" src=\"http:\/\/baltes-bochnia.de\/wp-content\/uploads\/2017\/12\/Eingang-300x225.jpg\" alt=\"\" width=\"400\" height=\"300\" srcset=\"https:\/\/baltes-bochnia.de\/wp-content\/uploads\/2017\/12\/Eingang-300x225.jpg 300w, https:\/\/baltes-bochnia.de\/wp-content\/uploads\/2017\/12\/Eingang-768x576.jpg 768w, https:\/\/baltes-bochnia.de\/wp-content\/uploads\/2017\/12\/Eingang.jpg 1024w, https:\/\/baltes-bochnia.de\/wp-content\/uploads\/2017\/12\/Eingang-467x350.jpg 467w\" sizes=\"(max-width: 400px) 100vw, 400px\" \/><\/a><\/p>\n<h3>Praxis f\u00fcr Psychotherapie<\/h3>\n<h4>Dipl.-Psych. Genia Baltes &amp; Dipl.-Soz.p\u00e4d. Cindy-Chris Bochnia<\/h4>\n<p><strong>Teltower Damm 35<\/strong><\/p>\n<p><strong>14169 Berlin-Zehlendorf<\/strong><\/p>\n<p><strong>(direkt im Forum Zehlendorf: 2.OG; das Treppenhaus befindet sich in der Gartenstra\u00dfe)<\/strong><\/p>\n<p>www.baltes-bochnia.de<\/p>\n<p>Tel:<\/p>\n<p>Frau Baltes: +49 30\/ 818 20 303<\/p>\n<p>Frau Bochnia: + 49 30\/ 447 05 468<\/p>\n<p>Email:<\/p>\n<p>Frau Baltes:\u00a0ge-baltes(at)t-online.de<\/p>\n<p>Frau Bochnia:\u00a0kontakt(at)kjp-praxis-bochnia.de<\/p>\n<p><span style=\"color: #ff0000;\"><strong>Termine nur nach Vereinbarung:<\/strong><\/span><\/p>\n<p><span style=\"color: #ff0000;\">Bitte haben Sie Verst\u00e4ndnis, dass wir w\u00e4hrend der Termine mit unseren PatientInnen nicht an das Telefon gehen k\u00f6nnen. <\/span><\/p>\n<p><span style=\"color: #ff0000;\">Sie erreichen uns pers\u00f6nlich zu unseren telefonischen Sprechzeiten (siehe <a href=\"http:\/\/baltes-bochnia.de\/?page_id=198\">Frau Baltes<\/a> und\u00a0<a href=\"http:\/\/baltes-bochnia.de\/?page_id=200\">Frau Bochnia<\/a>).<\/span><\/p>\n<p><strong>Anfahrt:<\/strong><\/p>\n<p>Direkt an der S-Bahn: S1 Station &#8222;Zehlendorf&#8220; (112, 285, 101, 115, 623, 118, M48, X10, X11)<\/p>\n<p><iframe loading=\"lazy\" style=\"border: 0;\" src=\"https:\/\/www.google.com\/maps\/embed?pb=!1m18!1m12!1m3!1d2432.6184657142626!2d13.259450499999998!3d52.431710499999994!2m3!1f0!2f0!3f0!3m2!1i1024!2i768!4f13.1!3m3!1m2!1s0x47a85a33044ef20d%3A0x5fad780625b5dc1b!2sTeltower+Damm+35%2C+14169+Berlin!5e0!3m2!1sde!2sde!4v1433001765282\" width=\"600\" height=\"450\" frameborder=\"0\"><\/iframe><\/p>\n<p><small><a style=\"color: #0000ff; text-align: left;\" href=\"https:\/\/maps.google.de\/maps?f=q&amp;source=embed&amp;hl=de&amp;geocode=&amp;q=Ahornstr.+25,+12163+Berlin&amp;aq=&amp;sll=52.510611,13.274256&amp;sspn=0.010199,0.022058&amp;ie=UTF8&amp;hq=&amp;hnear=Ahornstra%C3%9Fe+25,+12163+Berlin&amp;t=m&amp;ll=52.460873,13.32221&amp;spn=0.025103,0.054932&amp;z=14&amp;iwloc=A\">\u00a0<\/a><\/small><\/p>\n","protected":false},"excerpt":{"rendered":"<p>Praxis f\u00fcr Psychotherapie Dipl.-Psych. Genia Baltes &amp; Dipl.-Soz.p\u00e4d. Cindy-Chris Bochnia Teltower Damm 35 14169 Berlin-Zehlendorf (direkt im Forum Zehlendorf: 2.OG; das Treppenhaus befindet sich in der Gartenstra\u00dfe) www.baltes-bochnia.de Tel: Frau Baltes: +49 30\/ 818 20 303 Frau Bochnia: + 49 30\/ 447 05 468 Email: Frau Baltes:\u00a0ge-baltes(at)t-online.de Frau Bochnia:\u00a0kontakt(at)kjp-praxis-bochnia.de Termine nur nach Vereinbarung: Bitte haben &hellip; <\/p>\n<p class=\"link-more\"><a href=\"https:\/\/baltes-bochnia.de\/?page_id=57\" class=\"more-link\"><span class=\"screen-reader-text\">\u201eKontakt\u201c<\/span> weiterlesen<\/a><\/p>\n","protected":false},"author":1,"featured_media":0,"parent":0,"menu_order":5,"comment_status":"closed","ping_status":"closed","template":"","meta":[],"yoast_head":"<!-- This site is optimized with the Yoast SEO plugin v19.11 - https:\/\/yoast.com\/wordpress\/plugins\/seo\/ -->\n<title>Kontakt - Praxis f\u00fcr Psychotherapie<\/title>\n<meta name=\"robots\" content=\"index, follow, max-snippet:-1, max-image-preview:large, max-video-preview:-1\" \/>\n<link rel=\"canonical\" href=\"http:\/\/baltes-bochnia.de\/?page_id=57\" \/>\n<meta property=\"og:locale\" content=\"de_DE\" \/>\n<meta property=\"og:type\" content=\"article\" \/>\n<meta property=\"og:title\" content=\"Kontakt - Praxis f\u00fcr Psychotherapie\" \/>\n<meta property=\"og:description\" content=\"Praxis f\u00fcr Psychotherapie Dipl.-Psych. Genia Baltes &amp; Dipl.-Soz.p\u00e4d. Cindy-Chris Bochnia Teltower Damm 35 14169 Berlin-Zehlendorf (direkt im Forum Zehlendorf: 2.OG; das Treppenhaus befindet sich in der Gartenstra\u00dfe) www.baltes-bochnia.de Tel: Frau Baltes: +49 30\/ 818 20 303 Frau Bochnia: + 49 30\/ 447 05 468 Email: Frau Baltes:\u00a0ge-baltes(at)t-online.de Frau Bochnia:\u00a0kontakt(at)kjp-praxis-bochnia.de Termine nur nach Vereinbarung: Bitte haben &hellip; \u201eKontakt\u201c weiterlesen\" \/>\n<meta property=\"og:url\" content=\"http:\/\/baltes-bochnia.de\/?page_id=57\" \/>\n<meta property=\"og:site_name\" content=\"Praxis f\u00fcr Psychotherapie\" \/>\n<meta property=\"article:modified_time\" content=\"2022-11-29T18:14:47+00:00\" \/>\n<meta property=\"og:image\" content=\"http:\/\/baltes-bochnia.de\/wp-content\/uploads\/2017\/12\/Eingang-300x225.jpg\" \/>\n<meta name=\"twitter:card\" content=\"summary_large_image\" \/>\n<meta name=\"twitter:label1\" content=\"Gesch\u00e4tzte Lesezeit\" \/>\n\t<meta name=\"twitter:data1\" content=\"1 Minute\" \/>\n<script type=\"application\/ld+json\" class=\"yoast-schema-graph\">{\"@context\":\"https:\/\/schema.org\",\"@graph\":[{\"@type\":\"WebPage\",\"@id\":\"http:\/\/baltes-bochnia.de\/?page_id=57\",\"url\":\"http:\/\/baltes-bochnia.de\/?page_id=57\",\"name\":\"Kontakt - Praxis f\u00fcr Psychotherapie\",\"isPartOf\":{\"@id\":\"http:\/\/baltes-bochnia.de\/#website\"},\"datePublished\":\"2017-12-01T21:51:32+00:00\",\"dateModified\":\"2022-11-29T18:14:47+00:00\",\"breadcrumb\":{\"@id\":\"http:\/\/baltes-bochnia.de\/?page_id=57#breadcrumb\"},\"inLanguage\":\"de-DE\",\"potentialAction\":[{\"@type\":\"ReadAction\",\"target\":[\"http:\/\/baltes-bochnia.de\/?page_id=57\"]}]},{\"@type\":\"BreadcrumbList\",\"@id\":\"http:\/\/baltes-bochnia.de\/?page_id=57#breadcrumb\",\"itemListElement\":[{\"@type\":\"ListItem\",\"position\":1,\"name\":\"Startseite\",\"item\":\"http:\/\/baltes-bochnia.de\/\"},{\"@type\":\"ListItem\",\"position\":2,\"name\":\"Kontakt\"}]},{\"@type\":\"WebSite\",\"@id\":\"http:\/\/baltes-bochnia.de\/#website\",\"url\":\"http:\/\/baltes-bochnia.de\/\",\"name\":\"Praxis f\u00fcr Psychotherapie\",\"description\":\"Dipl.-Psych. Genia Baltes &amp; Dipl.-Soz.p\u00e4d. Cindy-Chris Bochnia\",\"potentialAction\":[{\"@type\":\"SearchAction\",\"target\":{\"@type\":\"EntryPoint\",\"urlTemplate\":\"http:\/\/baltes-bochnia.de\/?s={search_term_string}\"},\"query-input\":\"required name=search_term_string\"}],\"inLanguage\":\"de-DE\"}]}<\/script>\n<!-- \/ Yoast SEO plugin. -->","yoast_head_json":{"title":"Kontakt - Praxis f\u00fcr Psychotherapie","robots":{"index":"index","follow":"follow","max-snippet":"max-snippet:-1","max-image-preview":"max-image-preview:large","max-video-preview":"max-video-preview:-1"},"canonical":"http:\/\/baltes-bochnia.de\/?page_id=57","og_locale":"de_DE","og_type":"article","og_title":"Kontakt - Praxis f\u00fcr Psychotherapie","og_description":"Praxis f\u00fcr Psychotherapie Dipl.-Psych. Genia Baltes &amp; Dipl.-Soz.p\u00e4d. Cindy-Chris Bochnia Teltower Damm 35 14169 Berlin-Zehlendorf (direkt im Forum Zehlendorf: 2.OG; das Treppenhaus befindet sich in der Gartenstra\u00dfe) www.baltes-bochnia.de Tel: Frau Baltes: +49 30\/ 818 20 303 Frau Bochnia: + 49 30\/ 447 05 468 Email: Frau Baltes:\u00a0ge-baltes(at)t-online.de Frau Bochnia:\u00a0kontakt(at)kjp-praxis-bochnia.de Termine nur nach Vereinbarung: Bitte haben &hellip; \u201eKontakt\u201c weiterlesen","og_url":"http:\/\/baltes-bochnia.de\/?page_id=57","og_site_name":"Praxis f\u00fcr Psychotherapie","article_modified_time":"2022-11-29T18:14:47+00:00","og_image":[{"url":"http:\/\/baltes-bochnia.de\/wp-content\/uploads\/2017\/12\/Eingang-300x225.jpg"}],"twitter_card":"summary_large_image","twitter_misc":{"Gesch\u00e4tzte Lesezeit":"1 Minute"},"schema":{"@context":"https:\/\/schema.org","@graph":[{"@type":"WebPage","@id":"http:\/\/baltes-bochnia.de\/?page_id=57","url":"http:\/\/baltes-bochnia.de\/?page_id=57","name":"Kontakt - Praxis f\u00fcr Psychotherapie","isPartOf":{"@id":"http:\/\/baltes-bochnia.de\/#website"},"datePublished":"2017-12-01T21:51:32+00:00","dateModified":"2022-11-29T18:14:47+00:00","breadcrumb":{"@id":"http:\/\/baltes-bochnia.de\/?page_id=57#breadcrumb"},"inLanguage":"de-DE","potentialAction":[{"@type":"ReadAction","target":["http:\/\/baltes-bochnia.de\/?page_id=57"]}]},{"@type":"BreadcrumbList","@id":"http:\/\/baltes-bochnia.de\/?page_id=57#breadcrumb","itemListElement":[{"@type":"ListItem","position":1,"name":"Startseite","item":"http:\/\/baltes-bochnia.de\/"},{"@type":"ListItem","position":2,"name":"Kontakt"}]},{"@type":"WebSite","@id":"http:\/\/baltes-bochnia.de\/#website","url":"http:\/\/baltes-bochnia.de\/","name":"Praxis f\u00fcr Psychotherapie","description":"Dipl.-Psych. Genia Baltes &amp; Dipl.-Soz.p\u00e4d. Cindy-Chris Bochnia","potentialAction":[{"@type":"SearchAction","target":{"@type":"EntryPoint","urlTemplate":"http:\/\/baltes-bochnia.de\/?s={search_term_string}"},"query-input":"required name=search_term_string"}],"inLanguage":"de-DE"}]}},"_links":{"self":[{"href":"https:\/\/baltes-bochnia.de\/index.php?rest_route=\/wp\/v2\/pages\/57"}],"collection":[{"href":"https:\/\/baltes-bochnia.de\/index.php?rest_route=\/wp\/v2\/pages"}],"about":[{"href":"https:\/\/baltes-bochnia.de\/index.php?rest_route=\/wp\/v2\/types\/page"}],"author":[{"embeddable":true,"href":"https:\/\/baltes-bochnia.de\/index.php?rest_route=\/wp\/v2\/users\/1"}],"replies":[{"embeddable":true,"href":"https:\/\/baltes-bochnia.de\/index.php?rest_route=%2Fwp%2Fv2%2Fcomments&post=57"}],"version-history":[{"count":16,"href":"https:\/\/baltes-bochnia.de\/index.php?rest_route=\/wp\/v2\/pages\/57\/revisions"}],"predecessor-version":[{"id":717,"href":"https:\/\/baltes-bochnia.de\/index.php?rest_route=\/wp\/v2\/pages\/57\/revisions\/717"}],"wp:attachment":[{"href":"https:\/\/baltes-bochnia.de\/index.php?rest_route=%2Fwp%2Fv2%2Fmedia&parent=57"}],"curies":[{"name":"wp","href":"https:\/\/api.w.org\/{rel}","templated":true}]}}