{"id":58,"date":"2017-12-01T21:51:32","date_gmt":"2017-12-01T21:51:32","guid":{"rendered":"http:\/\/baltes-bochnia.de\/?page_id=58"},"modified":"2024-06-13T11:10:06","modified_gmt":"2024-06-13T11:10:06","slug":"impressum","status":"publish","type":"page","link":"https:\/\/baltes-bochnia.de\/?page_id=58","title":{"rendered":"Impressum"},"content":{"rendered":"<h3>Angaben gem\u00e4\u00df \u00a7 5 TMG:<\/h3>\n<p><strong>Name und Sitz der psychotherapeutischen Praxis:<\/strong><\/p>\n<p>Praxis f\u00fcr Psychotherapie<br \/>\nDipl.-Soz.p\u00e4d. Cindy-Chris Bochnia<\/p>\n<p>Teltower Damm 35<br \/>\n14169 Berlin<\/p>\n<p><strong>Kontakt:<\/strong><\/p>\n<p>+ 49 30\/ 818 20 303<\/p>\n<p>+ 49 30\/ 447 05 468<\/p>\n<p>+ 49 30\/ 263 99 460<\/p>\n<p><a href=\"mailto:ge-baltes@t-online.de\">ge-baltes(at)t-online.de<\/a><\/p>\n<p><a href=\"mailto:kontakt@kjp-praxis-bochnia.de\">kontakt(at)kjp-praxis-bochnia.de<\/a><\/p>\n<p><a href=\"mailto:simon@baltes-bochnia.de\">simon(at)baltes-bochnia.de<\/a><\/p>\n<p>Aufsichtsbeh\u00f6rde:\u00a0Psychotherapeutenkammer Berlin<\/p>\n<p>Berufsbezeichnung: Psychologische Psychotherapeutin &amp; Kinder- und Jugendlichenpsychotherapeutin<\/p>\n<p>Richtlinienverfahren: Verhaltenstherapie<\/p>\n<p>Zust\u00e4ndige Kammer: Psychotherapeutenkammer Berlin<\/p>\n<p>Verliehen durch: Berlin<\/p>\n<p>Es gelten folgende berufsrechtlichen Regelungen:<\/p>\n<p>einsehbar unter: <a href=\"http:\/\/www.psychotherapeutenkammer-berlin.de\/\"><br \/>\n<\/a><\/p>\n<p><a href=\"http:\/\/www.psychotherapeutenkammer-berlin.de\/rechtliches\/rechtliche_bestimmungen\/kammergesetz\">www.psychotherapeutenkammer-berlin.de\/rechtliches\/rechtliche_bestimmungen\/kammergesetz<\/a><\/p>\n<p>Eintrag im Arztregister: ENR 21155 (Frau Baltes) 29497 (Frau Bochnia) 38448 (Frau Simon)<\/p>\n<p>Zust\u00e4ndige Kassen\u00e4rztliche Vereinigung: KV Berlin<\/p>\n<h4>Haftungsausschluss (Disclaimer)<\/h4>\n<p><strong>Haftung f\u00fcr Inhalte<\/strong><\/p>\n<p>Als Diensteanbieter sind wir gem\u00e4\u00df \u00a7 7 Abs.1 TMG f\u00fcr eigene Inhalte auf diesen Seiten nach den allgemeinen Gesetzen verantwortlich. Nach \u00a7\u00a7 8 bis 10 TMG sind wir als Diensteanbieter jedoch nicht verpflichtet, \u00fcbermittelte oder gespeicherte fremde Informationen zu \u00fcberwachen oder nach Umst\u00e4nden zu forschen, die auf eine rechtswidrige T\u00e4tigkeit hinweisen. Verpflichtungen zur Entfernung oder Sperrung der Nutzung von Informationen nach den allgemeinen Gesetzen bleiben hiervon unber\u00fchrt. Eine diesbez\u00fcgliche Haftung ist jedoch erst ab dem Zeitpunkt der Kenntnis einer konkreten Rechtsverletzung m\u00f6glich. Bei Bekanntwerden von entsprechenden Rechtsverletzungen werden wir diese Inhalte umgehend entfernen.<\/p>\n<p><strong>Haftung f\u00fcr Links<\/strong><\/p>\n<p>Unser Angebot enth\u00e4lt Links zu externen Webseiten Dritter, auf deren Inhalte wir keinen Einfluss haben. Deshalb k\u00f6nnen wir f\u00fcr diese fremden Inhalte auch keine Gew\u00e4hr \u00fcbernehmen. F\u00fcr die Inhalte der verlinkten Seiten ist stets der jeweilige Anbieter oder Betreiber der Seiten verantwortlich. Die verlinkten Seiten wurden zum Zeitpunkt der Verlinkung auf m\u00f6gliche Rechtsverst\u00f6\u00dfe \u00fcberpr\u00fcft. Rechtswidrige Inhalte waren zum Zeitpunkt der Verlinkung nicht erkennbar. Eine permanente inhaltliche Kontrolle der verlinkten Seiten ist jedoch ohne konkrete Anhaltspunkte einer Rechtsverletzung nicht zumutbar. Bei Bekanntwerden von Rechtsverletzungen werden wir derartige Links umgehend entfernen.<\/p>\n<p><strong>Urheberrecht<\/strong><\/p>\n<p>Die durch die Seitenbetreiber erstellten Inhalte und Werke auf diesen Seiten unterliegen dem deutschen Urheberrecht. Die Vervielf\u00e4ltigung, Bearbeitung, Verbreitung und jede Art der Verwertung au\u00dferhalb der Grenzen des Urheberrechtes bed\u00fcrfen der schriftlichen Zustimmung des jeweiligen Autors bzw. Erstellers. Downloads und Kopien dieser Seite sind nur f\u00fcr den privaten, nicht kommerziellen Gebrauch gestattet. Soweit die Inhalte auf dieser Seite nicht vom Betreiber erstellt wurden, werden die Urheberrechte Dritter beachtet. Insbesondere werden Inhalte Dritter als solche gekennzeichnet. Sollten Sie trotzdem auf eine Urheberrechtsverletzung aufmerksam werden, bitten wir um einen entsprechenden Hinweis. Bei Bekanntwerden von Rechtsverletzungen werden wir derartige Inhalte umgehend entfernen.<\/p>\n<p><i>Quellenangaben:\u00a0<a href=\"http:\/\/www.e-recht24.de\/muster-disclaimer.html\" target=\"_blank\" rel=\"nofollow noopener\">Disclaimer<\/a>\u00a0von eRecht24, dem Portal zum Internetrecht von Rechtsanwalt S\u00f6ren Siebert<\/i><\/p>\n","protected":false},"excerpt":{"rendered":"<p>Angaben gem\u00e4\u00df \u00a7 5 TMG: Name und Sitz der psychotherapeutischen Praxis: Praxis f\u00fcr Psychotherapie Dipl.-Soz.p\u00e4d. Cindy-Chris Bochnia Teltower Damm 35 14169 Berlin Kontakt: + 49 30\/ 818 20 303 + 49 30\/ 447 05 468 + 49 30\/ 263 99 460 ge-baltes(at)t-online.de kontakt(at)kjp-praxis-bochnia.de simon(at)baltes-bochnia.de Aufsichtsbeh\u00f6rde:\u00a0Psychotherapeutenkammer Berlin Berufsbezeichnung: Psychologische Psychotherapeutin &amp; Kinder- und Jugendlichenpsychotherapeutin Richtlinienverfahren: Verhaltenstherapie &hellip; <\/p>\n<p class=\"link-more\"><a href=\"https:\/\/baltes-bochnia.de\/?page_id=58\" class=\"more-link\"><span class=\"screen-reader-text\">\u201eImpressum\u201c<\/span> weiterlesen<\/a><\/p>\n","protected":false},"author":1,"featured_media":0,"parent":0,"menu_order":6,"comment_status":"closed","ping_status":"closed","template":"","meta":[],"yoast_head":"<!-- This site is optimized with the Yoast SEO plugin v19.11 - https:\/\/yoast.com\/wordpress\/plugins\/seo\/ -->\n<title>Impressum - Praxis f\u00fcr Psychotherapie<\/title>\n<meta name=\"robots\" content=\"index, follow, max-snippet:-1, max-image-preview:large, max-video-preview:-1\" \/>\n<link rel=\"canonical\" href=\"http:\/\/baltes-bochnia.de\/?page_id=58\" \/>\n<meta property=\"og:locale\" content=\"de_DE\" \/>\n<meta property=\"og:type\" content=\"article\" \/>\n<meta property=\"og:title\" content=\"Impressum - Praxis f\u00fcr Psychotherapie\" \/>\n<meta property=\"og:description\" content=\"Angaben gem\u00e4\u00df \u00a7 5 TMG: Name und Sitz der psychotherapeutischen Praxis: Praxis f\u00fcr Psychotherapie Dipl.-Soz.p\u00e4d. Cindy-Chris Bochnia Teltower Damm 35 14169 Berlin Kontakt: + 49 30\/ 818 20 303 + 49 30\/ 447 05 468 + 49 30\/ 263 99 460 ge-baltes(at)t-online.de kontakt(at)kjp-praxis-bochnia.de simon(at)baltes-bochnia.de Aufsichtsbeh\u00f6rde:\u00a0Psychotherapeutenkammer Berlin Berufsbezeichnung: Psychologische Psychotherapeutin &amp; Kinder- und Jugendlichenpsychotherapeutin Richtlinienverfahren: Verhaltenstherapie &hellip; \u201eImpressum\u201c weiterlesen\" \/>\n<meta property=\"og:url\" content=\"http:\/\/baltes-bochnia.de\/?page_id=58\" \/>\n<meta property=\"og:site_name\" content=\"Praxis f\u00fcr Psychotherapie\" \/>\n<meta property=\"article:modified_time\" content=\"2024-06-13T11:10:06+00:00\" \/>\n<meta name=\"twitter:card\" content=\"summary_large_image\" \/>\n<meta name=\"twitter:label1\" content=\"Gesch\u00e4tzte Lesezeit\" \/>\n\t<meta name=\"twitter:data1\" content=\"3 Minuten\" \/>\n<script type=\"application\/ld+json\" class=\"yoast-schema-graph\">{\"@context\":\"https:\/\/schema.org\",\"@graph\":[{\"@type\":\"WebPage\",\"@id\":\"http:\/\/baltes-bochnia.de\/?page_id=58\",\"url\":\"http:\/\/baltes-bochnia.de\/?page_id=58\",\"name\":\"Impressum - Praxis f\u00fcr Psychotherapie\",\"isPartOf\":{\"@id\":\"http:\/\/baltes-bochnia.de\/#website\"},\"datePublished\":\"2017-12-01T21:51:32+00:00\",\"dateModified\":\"2024-06-13T11:10:06+00:00\",\"breadcrumb\":{\"@id\":\"http:\/\/baltes-bochnia.de\/?page_id=58#breadcrumb\"},\"inLanguage\":\"de-DE\",\"potentialAction\":[{\"@type\":\"ReadAction\",\"target\":[\"http:\/\/baltes-bochnia.de\/?page_id=58\"]}]},{\"@type\":\"BreadcrumbList\",\"@id\":\"http:\/\/baltes-bochnia.de\/?page_id=58#breadcrumb\",\"itemListElement\":[{\"@type\":\"ListItem\",\"position\":1,\"name\":\"Startseite\",\"item\":\"http:\/\/baltes-bochnia.de\/\"},{\"@type\":\"ListItem\",\"position\":2,\"name\":\"Impressum\"}]},{\"@type\":\"WebSite\",\"@id\":\"http:\/\/baltes-bochnia.de\/#website\",\"url\":\"http:\/\/baltes-bochnia.de\/\",\"name\":\"Praxis f\u00fcr Psychotherapie\",\"description\":\"Dipl.-Psych. Genia Baltes &amp; Dipl.-Soz.p\u00e4d. Cindy-Chris Bochnia\",\"potentialAction\":[{\"@type\":\"SearchAction\",\"target\":{\"@type\":\"EntryPoint\",\"urlTemplate\":\"http:\/\/baltes-bochnia.de\/?s={search_term_string}\"},\"query-input\":\"required name=search_term_string\"}],\"inLanguage\":\"de-DE\"}]}<\/script>\n<!-- \/ Yoast SEO plugin. -->","yoast_head_json":{"title":"Impressum - Praxis f\u00fcr Psychotherapie","robots":{"index":"index","follow":"follow","max-snippet":"max-snippet:-1","max-image-preview":"max-image-preview:large","max-video-preview":"max-video-preview:-1"},"canonical":"http:\/\/baltes-bochnia.de\/?page_id=58","og_locale":"de_DE","og_type":"article","og_title":"Impressum - Praxis f\u00fcr Psychotherapie","og_description":"Angaben gem\u00e4\u00df \u00a7 5 TMG: Name und Sitz der psychotherapeutischen Praxis: Praxis f\u00fcr Psychotherapie Dipl.-Soz.p\u00e4d. Cindy-Chris Bochnia Teltower Damm 35 14169 Berlin Kontakt: + 49 30\/ 818 20 303 + 49 30\/ 447 05 468 + 49 30\/ 263 99 460 ge-baltes(at)t-online.de kontakt(at)kjp-praxis-bochnia.de simon(at)baltes-bochnia.de Aufsichtsbeh\u00f6rde:\u00a0Psychotherapeutenkammer Berlin Berufsbezeichnung: Psychologische Psychotherapeutin &amp; Kinder- und Jugendlichenpsychotherapeutin Richtlinienverfahren: Verhaltenstherapie &hellip; \u201eImpressum\u201c weiterlesen","og_url":"http:\/\/baltes-bochnia.de\/?page_id=58","og_site_name":"Praxis f\u00fcr Psychotherapie","article_modified_time":"2024-06-13T11:10:06+00:00","twitter_card":"summary_large_image","twitter_misc":{"Gesch\u00e4tzte Lesezeit":"3 Minuten"},"schema":{"@context":"https:\/\/schema.org","@graph":[{"@type":"WebPage","@id":"http:\/\/baltes-bochnia.de\/?page_id=58","url":"http:\/\/baltes-bochnia.de\/?page_id=58","name":"Impressum - Praxis f\u00fcr Psychotherapie","isPartOf":{"@id":"http:\/\/baltes-bochnia.de\/#website"},"datePublished":"2017-12-01T21:51:32+00:00","dateModified":"2024-06-13T11:10:06+00:00","breadcrumb":{"@id":"http:\/\/baltes-bochnia.de\/?page_id=58#breadcrumb"},"inLanguage":"de-DE","potentialAction":[{"@type":"ReadAction","target":["http:\/\/baltes-bochnia.de\/?page_id=58"]}]},{"@type":"BreadcrumbList","@id":"http:\/\/baltes-bochnia.de\/?page_id=58#breadcrumb","itemListElement":[{"@type":"ListItem","position":1,"name":"Startseite","item":"http:\/\/baltes-bochnia.de\/"},{"@type":"ListItem","position":2,"name":"Impressum"}]},{"@type":"WebSite","@id":"http:\/\/baltes-bochnia.de\/#website","url":"http:\/\/baltes-bochnia.de\/","name":"Praxis f\u00fcr Psychotherapie","description":"Dipl.-Psych. Genia Baltes &amp; Dipl.-Soz.p\u00e4d. Cindy-Chris Bochnia","potentialAction":[{"@type":"SearchAction","target":{"@type":"EntryPoint","urlTemplate":"http:\/\/baltes-bochnia.de\/?s={search_term_string}"},"query-input":"required name=search_term_string"}],"inLanguage":"de-DE"}]}},"_links":{"self":[{"href":"https:\/\/baltes-bochnia.de\/index.php?rest_route=\/wp\/v2\/pages\/58"}],"collection":[{"href":"https:\/\/baltes-bochnia.de\/index.php?rest_route=\/wp\/v2\/pages"}],"about":[{"href":"https:\/\/baltes-bochnia.de\/index.php?rest_route=\/wp\/v2\/types\/page"}],"author":[{"embeddable":true,"href":"https:\/\/baltes-bochnia.de\/index.php?rest_route=\/wp\/v2\/users\/1"}],"replies":[{"embeddable":true,"href":"https:\/\/baltes-bochnia.de\/index.php?rest_route=%2Fwp%2Fv2%2Fcomments&post=58"}],"version-history":[{"count":28,"href":"https:\/\/baltes-bochnia.de\/index.php?rest_route=\/wp\/v2\/pages\/58\/revisions"}],"predecessor-version":[{"id":780,"href":"https:\/\/baltes-bochnia.de\/index.php?rest_route=\/wp\/v2\/pages\/58\/revisions\/780"}],"wp:attachment":[{"href":"https:\/\/baltes-bochnia.de\/index.php?rest_route=%2Fwp%2Fv2%2Fmedia&parent=58"}],"curies":[{"name":"wp","href":"https:\/\/api.w.org\/{rel}","templated":true}]}}